{"id":1052,"date":"2023-04-11T21:39:43","date_gmt":"2023-04-11T19:39:43","guid":{"rendered":"https:\/\/feuerwehr-freiburg.de\/jf\/?page_id=1052"},"modified":"2025-07-31T15:42:16","modified_gmt":"2025-07-31T13:42:16","slug":"gruppe-lehen","status":"publish","type":"page","link":"https:\/\/feuerwehr-freiburg.de\/jf\/jf-gruppen\/gruppe-lehen\/","title":{"rendered":"JF Gruppe Lehen"},"content":{"rendered":"<div>\n<p>    <img decoding=\"async\" src=\"\/jf\/wp-content\/uploads\/sites\/13\/2022\/12\/JF_Titelbild.jpg\" alt=\"Jugendfeuerwehr Lehen Titelbild\"><\/p>\n<h3><span class=\"uk-text-primary\">JF Gruppe<\/span><br \/> Lehen<\/h3>\n<\/div>\n<h1>Unsere Jugendfeuerwehr!<\/h1>\n<div>\n<p>Die Jugendfeuerwehr der Abteilung Lehen wird von den Jugendgruppenleitern Maren Kirste und Jannik Norz nebst einem Team aus weiteren Betreuern und Unterst\u00fctzern von Kameraden der Einsatzabteilung geleitet. Die ca. 20 Mitglieder der JF mit einer Altersstruktur von 10-18 Jahren \u00fcben regelm\u00e4\u00dfig freitags zwischen 18:00 und 20:00 Uhr. Mit dem Zweck der Nachwuchsf\u00f6rderung f\u00fcr die Einsatzabteilung zur zuk\u00fcnftigen Gew\u00e4hrleistung der \u00f6ffentlichen Sicherheit wird bereits in der Jugendarbeit viel Wert auf die Ausbildung mit den vorhandenen technischen Ger\u00e4ten, den Einsatzabl\u00e4ufen und der kameradschaftlichen Zusammenarbeit gelegt. Bei Stationsausbildungen, einsatz\u00e4hnlichen \u00dcbungen, sportlichen \u00dcbungen und weiteren, besonderen \u00dcbungen wird auf das Ziel des Erlangens der Leistungsspange \u2013 dem h\u00f6chsten Abzeichen der Deutschen Jugendfeuerwehr \u2013 trainiert. Insbesondere werden die Werte der Hilfsbereitschaft, des ehrenamtlichen Engagements, der Wertsch\u00e4tzung und der Toleranz sowie des Zusammenhalts und der Mitbestimmung vermittelt und gelebt.<\/p>\n<p>Neben den regul\u00e4ren feuerwehrtechnischen \u00dcbungen unternehmen die Jugendlichen auch Ausfl\u00fcge (z. B. Freizeitpark Tripsdrill, Kletterpark) und weitere Feierlichkeiten (z. B. Osterfeuer, Weihnachtsfeier). Zudem finden mit der Freiburger Jugendfeuerwehr (ca. 500 Jugendliche) regelm\u00e4\u00dfig gemeinsame Veranstaltungen statt.<\/p>\n<p><o:p><\/o:p><\/p>\n<\/div>\n<p><img decoding=\"async\" src=\"\/jf\/wp-content\/uploads\/sites\/13\/2022\/12\/JF_Bild06.jpg\" alt=\"Jugendfeuerwehr Lehen BIld 06\"><\/p>\n<div>\n<p>Eintreten k\u00f6nnen M\u00e4dchen und Jungen im Altern von 10-17 Jahren aus den Stadteilen des Einsatzgebiets \u2013 Lehen, Landwasser, Betzenhausen und Mooswald.<\/p>\n<p>Du hast Interesse bekommen an einem spannenden und abwechslungsreichen Hobby und m\u00f6chtest auch gerne mitmachen?<\/p>\n<\/div>\n<p><p>\n        <a href=\"https:\/\/feuerwehr-freiburg.de\/mitmachen-und-unterstuetzen\/jugendfeuerwehr\/\">Neugierig geworden? Dann schreib uns gleich! <\/a>\n    <\/p>\n<\/p>\n<ul>\n<li>\n<p>        <img decoding=\"async\" src=\"\/jf\/wp-content\/uploads\/sites\/13\/2022\/12\/JF_Bild09.jpg\" alt=\"\"><\/p>\n<\/li>\n<li>\n<p>        <img decoding=\"async\" src=\"\/jf\/wp-content\/uploads\/sites\/13\/2022\/12\/JF_Bild08.jpg\" alt=\"\"><\/p>\n<\/li>\n<li>\n<p>        <img decoding=\"async\" src=\"\/jf\/wp-content\/uploads\/sites\/13\/2022\/12\/JF_Bild07.jpg\" alt=\"\"><\/p>\n<\/li>\n<li>\n<p>        <img decoding=\"async\" src=\"\/jf\/wp-content\/uploads\/sites\/13\/2022\/12\/JF_Bild10.jpg\" alt=\"\"><\/p>\n<\/li>\n<li>\n<p>        <img decoding=\"async\" src=\"\/jf\/wp-content\/uploads\/sites\/13\/2022\/12\/JF_Bild03.jpg\" alt=\"\"><\/p>\n<\/li>\n<li>\n<p>        <img decoding=\"async\" src=\"\/jf\/wp-content\/uploads\/sites\/13\/2022\/12\/JF_Bild01.jpg\" alt=\"\"><\/p>\n<\/li>\n<li>\n<p>        <img decoding=\"async\" src=\"\/jf\/wp-content\/uploads\/sites\/13\/2022\/12\/JF_Bild02.jpg\" alt=\"\"><\/p>\n<\/li>\n<li>\n<p>        <img decoding=\"async\" src=\"\/jf\/wp-content\/uploads\/sites\/13\/2022\/12\/JF_Bild04.jpg\" alt=\"\"><\/p>\n<\/li>\n<\/ul>\n<h1>\n<p>In K\u00fcrze:<\/p>\n<\/h1>\n<ul>\n<li>\n<div>\n<p>\u00dcbungen regelm\u00e4\u00dfig freitags von 18:00 \u2013 20:00 Uhr (au\u00dfer in den Ferien)<\/p>\n<\/div>\n<\/li>\n<li>\n<div>\n<p>Jugendliche zwischen 10 und 17 Jahren<\/p>\n<\/div>\n<\/li>\n<li>\n<div>\n<p>Zuhause in Lehen, Landwasser, Betzenhausen oder Mooswald<\/p>\n<\/div>\n<\/li>\n<\/ul>\n<ul>\n<li>\n<div>\n<p>Teamwork und Kameradschaft<\/p>\n<\/div>\n<\/li>\n<li>\n<div>\n<p>Teilnahme an Ausfl\u00fcgen, Zeltlagern, Wettbewerben und mehr\u2026<\/p>\n<\/div>\n<\/li>\n<\/ul>\n<h1>Ausbilder &amp; Kontakt<\/h1>\n<ul>\n<li>\n<h3>Maren Kirste<\/h3>\n<p>Jugendwart<\/p>\n<\/li>\n<li>\n<h3>Jannik Norz<\/h3>\n<p>Stellvertretender Jugendwart<\/p>\n<\/li>\n<\/ul>\n<div>\n<p>Mail: <a href=\"mailto:JF-Lehen@feuerwehr-freiburg.de\">JF-Lehen@feuerwehr-freiburg.de<\/a><a href=\"mailto:JF-Lehen@feuerwehr-freiburg.de\"><\/a><\/p>\n<\/div>\n<p><p>\n        <a href=\"https:\/\/feuerwehr-freiburg.de\/mitmachen-und-unterstuetzen\/jugendfeuerwehr\/\">Anfrageformular<\/a>\n    <\/p>\n<\/p>\n<p><p>\n        <a href=\"https:\/\/feuerwehr-freiburg.de\/abt09\/\">Zur\u00fcck zur Abteilung Lehen<\/a>\n    <\/p>\n<\/p>\n<p><!--more--><br \/>\n<!-- {\"type\":\"layout\",\"children\":[{\"type\":\"section\",\"props\":{\"id\":\"hero\",\"image_position\":\"center-center\",\"padding\":\"none\",\"style\":\"default\",\"title_breakpoint\":\"xl\",\"title_position\":\"top-left\",\"title_rotation\":\"left\",\"vertical_align\":\"\",\"width\":\"\"},\"children\":[{\"type\":\"row\",\"children\":[{\"type\":\"column\",\"props\":{\"image_position\":\"center-center\",\"position_sticky_breakpoint\":\"m\"},\"children\":[{\"type\":\"slideshow\",\"props\":{\"link_style\":\"default\",\"link_text\":\"Read more\",\"margin\":\"default\",\"meta_align\":\"below-title\",\"meta_element\":\"div\",\"meta_style\":\"text-meta\",\"nav\":\"dotnav\",\"nav_align\":\"center\",\"nav_breakpoint\":\"s\",\"nav_position\":\"bottom-center\",\"nav_position_margin\":\"medium\",\"overlay_animation\":\"fade\",\"overlay_container\":\"default\",\"overlay_position\":\"center-left\",\"show_content\":true,\"show_link\":true,\"show_meta\":true,\"show_thumbnail\":true,\"show_title\":true,\"slidenav\":\"default\",\"slidenav_breakpoint\":\"s\",\"slidenav_large\":true,\"slidenav_margin\":\"medium\",\"slidenav_outside_breakpoint\":\"xl\",\"slideshow_animation\":\"fade\",\"slideshow_autoplay\":true,\"slideshow_autoplay_pause\":true,\"slideshow_height\":\"viewport\",\"slideshow_height_offset_top\":true,\"slideshow_height_viewport\":80,\"slideshow_min_height\":300,\"text_color\":\"light\",\"thumbnav_height\":\"75\",\"thumbnav_svg_color\":\"emphasis\",\"thumbnav_width\":\"100\",\"title_element\":\"h3\",\"title_hover_style\":\"reset\",\"title_style\":\"heading-medium\"},\"children\":[{\"type\":\"slideshow_item\",\"props\":{\"image\":\"wp-content\\\/uploads\\\/sites\\\/13\\\/2022\\\/12\\\/JF_Titelbild.jpg\",\"image_alt\":\"Jugendfeuerwehr Lehen Titelbild\",\"media_overlay\":\"rgba(0, 0, 0, 0.5)\",\"title\":\"<span class=\\\"uk-text-primary\\\">JF Gruppe<\\\/span><br \/> Lehen\"}}]}]}]}],\"name\":\"Titelbereich\"},{\"type\":\"section\",\"props\":{\"image_position\":\"center-center\",\"style\":\"default\",\"title_breakpoint\":\"xl\",\"title_position\":\"top-left\",\"title_rotation\":\"left\",\"vertical_align\":\"\",\"width\":\"default\"},\"children\":[{\"type\":\"row\",\"props\":{\"layout\":\"1-2,1-2\"},\"children\":[{\"type\":\"column\",\"props\":{\"image_position\":\"center-center\",\"position_sticky_breakpoint\":\"m\",\"width_medium\":\"1-2\"},\"children\":[{\"type\":\"headline\",\"props\":{\"content\":\"Unsere Jugendfeuerwehr!\",\"title_element\":\"h1\"}},{\"type\":\"text\",\"props\":{\"column_breakpoint\":\"m\",\"content\":\"\n\n<p>Die Jugendfeuerwehr der Abteilung Lehen wird von den Jugendgruppenleitern Maren Kirste und Jannik Norz nebst einem Team aus weiteren Betreuern und Unterst\\u00fctzern von Kameraden der Einsatzabteilung geleitet. Die ca. 20 Mitglieder der JF mit einer Altersstruktur von 10-18 Jahren \\u00fcben regelm\\u00e4\\u00dfig freitags zwischen 18:00 und 20:00 Uhr. Mit dem Zweck der Nachwuchsf\\u00f6rderung f\\u00fcr die Einsatzabteilung zur zuk\\u00fcnftigen Gew\\u00e4hrleistung der \\u00f6ffentlichen Sicherheit wird bereits in der Jugendarbeit viel Wert auf die Ausbildung mit den vorhandenen technischen Ger\\u00e4ten, den Einsatzabl\\u00e4ufen und der kameradschaftlichen Zusammenarbeit gelegt. Bei Stationsausbildungen, einsatz\\u00e4hnlichen \\u00dcbungen, sportlichen \\u00dcbungen und weiteren, besonderen \\u00dcbungen wird auf das Ziel des Erlangens der Leistungsspange \\u2013 dem h\\u00f6chsten Abzeichen der Deutschen Jugendfeuerwehr \\u2013 trainiert. Insbesondere werden die Werte der Hilfsbereitschaft, des ehrenamtlichen Engagements, der Wertsch\\u00e4tzung und der Toleranz sowie des Zusammenhalts und der Mitbestimmung vermittelt und gelebt.<\\\/p>\\n\n\n<p>Neben den regul\\u00e4ren feuerwehrtechnischen \\u00dcbungen unternehmen die Jugendlichen auch Ausfl\\u00fcge (z. B. Freizeitpark Tripsdrill, Kletterpark) und weitere Feierlichkeiten (z. B. Osterfeuer, Weihnachtsfeier). Zudem finden mit der Freiburger Jugendfeuerwehr (ca. 500 Jugendliche) regelm\\u00e4\\u00dfig gemeinsame Veranstaltungen statt.<\\\/p>\\n\n\n<p><o:p><\\\/o:p><\\\/p>\",\"margin\":\"default\"}}]},{\"type\":\"column\",\"props\":{\"image_position\":\"center-center\",\"position_sticky_breakpoint\":\"m\",\"width_medium\":\"1-2\"},\"children\":[{\"type\":\"image\",\"props\":{\"image\":\"wp-content\\\/uploads\\\/sites\\\/13\\\/2022\\\/12\\\/JF_Bild06.jpg\",\"image_alt\":\"Jugendfeuerwehr Lehen BIld 06\",\"image_svg_color\":\"emphasis\",\"margin\":\"default\"}},{\"type\":\"text\",\"props\":{\"column_breakpoint\":\"m\",\"content\":\"\n\n<p>Eintreten k\\u00f6nnen M\\u00e4dchen und Jungen im Altern von 10-17 Jahren aus den Stadteilen des Einsatzgebiets \\u2013 Lehen, Landwasser, Betzenhausen und Mooswald.<\\\/p>\\n\n\n<p>Du hast Interesse bekommen an einem spannenden und abwechslungsreichen Hobby und m\\u00f6chtest auch gerne mitmachen?<\\\/p>\",\"margin\":\"default\"}},{\"type\":\"button\",\"props\":{\"grid_column_gap\":\"small\",\"grid_row_gap\":\"small\",\"margin\":\"default\"},\"children\":[{\"type\":\"button_item\",\"props\":{\"button_style\":\"primary\",\"content\":\"Neugierig geworden? Dann schreib uns gleich! \",\"dialog_layout\":\"modal\",\"dialog_offcanvas_flip\":true,\"icon_align\":\"left\",\"link\":\"https:\\\/\\\/feuerwehr-freiburg.de\\\/mitmachen-und-unterstuetzen\\\/jugendfeuerwehr\\\/\"}}]}]}]}]},{\"type\":\"section\",\"props\":{\"image_position\":\"center-center\",\"style\":\"primary\",\"title_breakpoint\":\"xl\",\"title_position\":\"top-left\",\"title_rotation\":\"left\",\"vertical_align\":\"\",\"width\":\"default\"},\"children\":[{\"type\":\"row\",\"children\":[{\"type\":\"column\",\"props\":{\"image_position\":\"center-center\",\"position_sticky_breakpoint\":\"m\"},\"children\":[{\"type\":\"gallery\",\"props\":{\"filter_align\":\"left\",\"filter_all\":true,\"filter_grid_breakpoint\":\"m\",\"filter_grid_width\":\"auto\",\"filter_position\":\"top\",\"filter_style\":\"tab\",\"grid_default\":\"1\",\"grid_medium\":\"3\",\"item_animation\":true,\"lightbox_bg_close\":true,\"link_style\":\"default\",\"link_text\":\"Read more\",\"margin\":\"default\",\"meta_align\":\"below-title\",\"meta_element\":\"div\",\"meta_style\":\"text-meta\",\"overlay_hover\":true,\"overlay_mode\":\"cover\",\"overlay_position\":\"center\",\"overlay_style\":\"overlay-primary\",\"overlay_transition\":\"fade\",\"show_content\":true,\"show_hover_image\":true,\"show_hover_video\":true,\"show_link\":true,\"show_meta\":true,\"show_title\":true,\"text_align\":\"center\",\"text_color\":\"light\",\"title_element\":\"h3\",\"title_hover_style\":\"reset\"},\"children\":[{\"type\":\"gallery_item\",\"props\":{\"image\":\"wp-content\\\/uploads\\\/sites\\\/13\\\/2022\\\/12\\\/JF_Bild09.jpg\"}},{\"type\":\"gallery_item\",\"props\":{\"image\":\"wp-content\\\/uploads\\\/sites\\\/13\\\/2022\\\/12\\\/JF_Bild08.jpg\"}},{\"type\":\"gallery_item\",\"props\":{\"image\":\"wp-content\\\/uploads\\\/sites\\\/13\\\/2022\\\/12\\\/JF_Bild07.jpg\"}},{\"type\":\"gallery_item\",\"props\":{\"image\":\"wp-content\\\/uploads\\\/sites\\\/13\\\/2022\\\/12\\\/JF_Bild10.jpg\"}},{\"type\":\"gallery_item\",\"props\":{\"image\":\"wp-content\\\/uploads\\\/sites\\\/13\\\/2022\\\/12\\\/JF_Bild03.jpg\"}},{\"type\":\"gallery_item\",\"props\":{\"image\":\"wp-content\\\/uploads\\\/sites\\\/13\\\/2022\\\/12\\\/JF_Bild01.jpg\"}},{\"type\":\"gallery_item\",\"props\":{\"image\":\"wp-content\\\/uploads\\\/sites\\\/13\\\/2022\\\/12\\\/JF_Bild02.jpg\"}},{\"type\":\"gallery_item\",\"props\":{\"image\":\"wp-content\\\/uploads\\\/sites\\\/13\\\/2022\\\/12\\\/JF_Bild04.jpg\"}}]}]}]}]},{\"type\":\"section\",\"props\":{\"image_position\":\"center-center\",\"style\":\"muted\",\"title_breakpoint\":\"xl\",\"title_position\":\"top-left\",\"title_rotation\":\"left\",\"vertical_align\":\"\",\"width\":\"default\"},\"children\":[{\"type\":\"row\",\"children\":[{\"type\":\"column\",\"props\":{\"image_position\":\"center-center\",\"position_sticky_breakpoint\":\"m\"},\"children\":[{\"type\":\"headline\",\"props\":{\"content\":\"\n\n<p>In K\\u00fcrze:<\\\/p>\",\"title_element\":\"h1\"}}]}]},{\"type\":\"row\",\"props\":{\"layout\":\"1-2,1-2\"},\"children\":[{\"type\":\"column\",\"props\":{\"image_position\":\"center-center\",\"position_sticky_breakpoint\":\"m\",\"width_medium\":\"1-2\"},\"children\":[{\"type\":\"list\",\"props\":{\"column_breakpoint\":\"m\",\"image_align\":\"left\",\"image_svg_color\":\"emphasis\",\"image_vertical_align\":true,\"list_element\":\"ul\",\"list_horizontal_separator\":\", \",\"list_type\":\"vertical\",\"show_image\":true,\"show_link\":true},\"children\":[{\"type\":\"list_item\",\"props\":{\"content\":\"\n\n<p>\\u00dcbungen regelm\\u00e4\\u00dfig freitags von 18:00 \\u2013 20:00 Uhr (au\\u00dfer in den Ferien)<\\\/p>\",\"icon\":\"list\"}},{\"type\":\"list_item\",\"props\":{\"content\":\"\n\n<p>Jugendliche zwischen 10 und 17 Jahren<\\\/p>\",\"icon\":\"list\"}},{\"type\":\"list_item\",\"props\":{\"content\":\"\n\n<p>Zuhause in Lehen, Landwasser, Betzenhausen oder Mooswald<\\\/p>\",\"icon\":\"list\"}}]}]},{\"type\":\"column\",\"props\":{\"image_position\":\"center-center\",\"position_sticky_breakpoint\":\"m\",\"width_medium\":\"1-2\"},\"children\":[{\"type\":\"list\",\"props\":{\"column_breakpoint\":\"m\",\"image_align\":\"left\",\"image_svg_color\":\"emphasis\",\"image_vertical_align\":true,\"list_element\":\"ul\",\"list_horizontal_separator\":\", \",\"list_type\":\"vertical\",\"show_image\":true,\"show_link\":true},\"children\":[{\"type\":\"list_item\",\"props\":{\"content\":\"\n\n<p>Teamwork und Kameradschaft<\\\/p>\",\"icon\":\"list\"}},{\"type\":\"list_item\",\"props\":{\"content\":\"\n\n<p>Teilnahme an Ausfl\\u00fcgen, Zeltlagern, Wettbewerben und mehr\\u2026<\\\/p>\",\"icon\":\"list\"}}]}]}]}]},{\"type\":\"section\",\"props\":{\"image_position\":\"center-center\",\"style\":\"default\",\"title_breakpoint\":\"xl\",\"title_position\":\"top-left\",\"title_rotation\":\"left\",\"vertical_align\":\"\",\"width\":\"default\"},\"children\":[{\"type\":\"row\",\"children\":[{\"type\":\"column\",\"props\":{\"image_position\":\"center-center\",\"position_sticky_breakpoint\":\"m\"},\"children\":[{\"type\":\"headline\",\"props\":{\"content\":\"Ausbilder &amp; Kontakt\",\"title_element\":\"h1\"}}]}]},{\"type\":\"row\",\"children\":[{\"type\":\"column\",\"props\":{\"image_position\":\"center-center\",\"position_sticky_breakpoint\":\"m\"},\"children\":[{\"type\":\"grid\",\"props\":{\"content_column_breakpoint\":\"m\",\"filter_align\":\"left\",\"filter_all\":true,\"filter_grid_breakpoint\":\"m\",\"filter_grid_width\":\"auto\",\"filter_position\":\"top\",\"filter_style\":\"tab\",\"grid_default\":\"1\",\"grid_medium\":\"2\",\"icon_width\":80,\"image_align\":\"top\",\"image_grid_breakpoint\":\"m\",\"image_grid_width\":\"1-2\",\"image_svg_color\":\"emphasis\",\"item_animation\":true,\"lightbox_bg_close\":true,\"link_style\":\"default\",\"link_text\":\"Read more\",\"margin\":\"default\",\"meta_align\":\"below-title\",\"meta_element\":\"div\",\"meta_style\":\"text-meta\",\"parallax_easing\":\"1\",\"show_content\":true,\"show_hover_image\":true,\"show_hover_video\":true,\"show_image\":true,\"show_link\":true,\"show_meta\":true,\"show_title\":true,\"show_video\":true,\"title_align\":\"top\",\"title_element\":\"h3\",\"title_grid_breakpoint\":\"m\",\"title_grid_width\":\"1-2\",\"title_hover_style\":\"reset\"},\"children\":[{\"type\":\"grid_item\",\"props\":{\"content\":\"\",\"image\":\"\",\"meta\":\"Jugendwart\",\"title\":\"Maren Kirste\"}},{\"type\":\"grid_item\",\"props\":{\"image\":\"\",\"meta\":\"Stellvertretender Jugendwart\",\"title\":\"Jannik Norz\"}}]}]}]},{\"type\":\"row\",\"props\":{\"layout\":\"1-2,1-2\"},\"children\":[{\"type\":\"column\",\"props\":{\"image_position\":\"center-center\",\"position_sticky_breakpoint\":\"m\",\"width_medium\":\"1-2\"},\"children\":[{\"type\":\"text\",\"props\":{\"animation\":\"none\",\"column_breakpoint\":\"m\",\"content\":\"\n\n<p>Mail: <a href=\\\"mailto:JF-Lehen@feuerwehr-freiburg.de\\\">JF-Lehen@feuerwehr-freiburg.de<\\\/a><a href=\\\"mailto:JF-Lehen@feuerwehr-freiburg.de\\\"><\\\/a><\\\/p>\",\"margin\":\"default\"}},{\"type\":\"button\",\"props\":{\"grid_column_gap\":\"small\",\"grid_row_gap\":\"small\",\"margin\":\"default\",\"status\":\"disabled\"},\"children\":[{\"type\":\"button_item\",\"props\":{\"button_style\":\"primary\",\"content\":\"E-Mail an die JF-Lehen\",\"dialog_layout\":\"modal\",\"dialog_offcanvas_flip\":true,\"icon_align\":\"left\",\"link\":\"mailto:jf-wiehre@feuerwehr-freiburg.de\"}}]}]},{\"type\":\"column\",\"props\":{\"image_position\":\"center-center\",\"position_sticky_breakpoint\":\"m\",\"width_medium\":\"1-2\"},\"children\":[{\"type\":\"button\",\"props\":{\"grid_column_gap\":\"small\",\"grid_row_gap\":\"small\",\"margin\":\"default\"},\"children\":[{\"type\":\"button_item\",\"props\":{\"button_style\":\"primary\",\"content\":\"Anfrageformular\",\"dialog_layout\":\"modal\",\"dialog_offcanvas_flip\":true,\"icon_align\":\"left\",\"link\":\"https:\\\/\\\/feuerwehr-freiburg.de\\\/mitmachen-und-unterstuetzen\\\/jugendfeuerwehr\\\/\"}}]}]}]}]},{\"type\":\"section\",\"props\":{\"image_position\":\"center-center\",\"style\":\"default\",\"title_breakpoint\":\"xl\",\"title_position\":\"top-left\",\"title_rotation\":\"left\",\"vertical_align\":\"middle\",\"width\":\"default\"},\"children\":[{\"type\":\"row\",\"children\":[{\"type\":\"column\",\"props\":{\"image_position\":\"center-center\",\"position_sticky_breakpoint\":\"m\"},\"children\":[{\"type\":\"button\",\"props\":{\"grid_column_gap\":\"small\",\"grid_row_gap\":\"small\",\"margin\":\"default\"},\"children\":[{\"type\":\"button_item\",\"props\":{\"button_style\":\"primary\",\"content\":\"Zur\\u00fcck zur Abteilung Lehen\",\"dialog_layout\":\"modal\",\"dialog_offcanvas_flip\":true,\"icon_align\":\"left\",\"link\":\"https:\\\/\\\/feuerwehr-freiburg.de\\\/abt09\\\/\"}}]}]}]}],\"name\":\"Zur\\u00fcck\"}],\"version\":\"4.5.24\"} --><\/p>\n","protected":false},"excerpt":{"rendered":"<p>JF Gruppe Lehen Unsere Jugendfeuerwehr! Die Jugendfeuerwehr der Abteilung Lehen wird von den Jugendgruppenleitern Maren Kirste und Jannik Norz nebst einem Team aus weiteren Betreuern und Unterst\u00fctzern von Kameraden der Einsatzabteilung geleitet. Die ca. 20 Mitglieder der JF mit einer Altersstruktur von 10-18 Jahren \u00fcben regelm\u00e4\u00dfig freitags zwischen 18:00 und 20:00 Uhr. Mit dem Zweck [&hellip;]<\/p>\n","protected":false},"author":4,"featured_media":0,"parent":372,"menu_order":9,"comment_status":"closed","ping_status":"closed","template":"","meta":{"footnotes":""},"class_list":["post-1052","page","type-page","status-publish","hentry"],"distributor_meta":false,"distributor_terms":false,"distributor_media":false,"distributor_original_site_name":"Jugendfeuerwehr","distributor_original_site_url":"https:\/\/feuerwehr-freiburg.de\/jf","push-errors":false,"_links":{"self":[{"href":"https:\/\/feuerwehr-freiburg.de\/jf\/wp-json\/wp\/v2\/pages\/1052","targetHints":{"allow":["GET"]}}],"collection":[{"href":"https:\/\/feuerwehr-freiburg.de\/jf\/wp-json\/wp\/v2\/pages"}],"about":[{"href":"https:\/\/feuerwehr-freiburg.de\/jf\/wp-json\/wp\/v2\/types\/page"}],"author":[{"embeddable":true,"href":"https:\/\/feuerwehr-freiburg.de\/jf\/wp-json\/wp\/v2\/users\/4"}],"replies":[{"embeddable":true,"href":"https:\/\/feuerwehr-freiburg.de\/jf\/wp-json\/wp\/v2\/comments?post=1052"}],"version-history":[{"count":20,"href":"https:\/\/feuerwehr-freiburg.de\/jf\/wp-json\/wp\/v2\/pages\/1052\/revisions"}],"predecessor-version":[{"id":1277,"href":"https:\/\/feuerwehr-freiburg.de\/jf\/wp-json\/wp\/v2\/pages\/1052\/revisions\/1277"}],"up":[{"embeddable":true,"href":"https:\/\/feuerwehr-freiburg.de\/jf\/wp-json\/wp\/v2\/pages\/372"}],"wp:attachment":[{"href":"https:\/\/feuerwehr-freiburg.de\/jf\/wp-json\/wp\/v2\/media?parent=1052"}],"curies":[{"name":"wp","href":"https:\/\/api.w.org\/{rel}","templated":true}]}}