{"id":1050,"date":"2023-04-11T21:18:49","date_gmt":"2023-04-11T19:18:49","guid":{"rendered":"https:\/\/feuerwehr-freiburg.de\/jf\/?page_id=1050"},"modified":"2025-07-31T15:38:49","modified_gmt":"2025-07-31T13:38:49","slug":"gruppe-oberstadt-wiehre","status":"publish","type":"page","link":"https:\/\/feuerwehr-freiburg.de\/jf\/jf-gruppen\/gruppe-oberstadt-wiehre\/","title":{"rendered":"JF Gruppe Oberstadt \/ Wiehre"},"content":{"rendered":"<div>\n<p>    <img decoding=\"async\" src=\"\/jf\/wp-content\/uploads\/sites\/11\/2022\/12\/Header_Jugendfeuerwehr-scaled.jpeg\" alt=\"\"><\/p>\n<h3><span class=\"uk-text-primary\">JF Gruppe<\/span><br \/> Oberstadt \/ Wiehre<\/h3>\n<\/div>\n<h1>Hallo an alle Feuerwehrm\u00e4nner und -frauen von morgen!<\/h1>\n<div>\n<p>Die Jugendfeuerwehr der Abteilungen 01 Oberstadt und 07 Wiehre umfasst derzeit 20 Mitglieder. Mit sieben Ausbilderinnen und Ausbildern sorgen wir f\u00fcr eine spannende und abwechslungsreiche Ausbildung. Den Jugendlichen bietet sich jeden Donnerstag von 18.30 Uhr bis 20.30 Uhr (nicht in den Schulferien) die M\u00f6glichkeit mit Spa\u00df und Spiel das Feuerwehrhandwerk zu erlernen.<\/p>\n<p>Unsere motivierten Ausbilder*innen versuchen auch durch Aktionen \u00fcber den normalen \u00dcbungsbetrieb hinaus (z.B. Ausfl\u00fcge in Freizeitparks, \u201eBerufsfeuerwehrtag\u201c mit Eins\u00e4tzen und \u00dcbernachtung im Ger\u00e4tehaus, Schau\u00fcbung am Feuerwehrfest und Blaulichttag) die Jugendlichen zu begeistern.<\/p>\n<p>Interessierte Jugendliche im Alter von 10 bis 18 Jahren sind herzlich eingeladen, nach vorheriger Kontaktaufnahme, uns an einem unserer \u00dcbungsabend zu besuchen.<\/p>\n<p><o:p><\/o:p><\/p>\n<\/div>\n<p><p>\n        <a href=\"https:\/\/feuerwehr-freiburg.de\/mitmachen-und-unterstuetzen\/jugendfeuerwehr\/\">Neugierig geworden? Dann schreib uns gleich! <\/a>\n    <\/p>\n<\/p>\n<p><img decoding=\"async\" src=\"\/jf\/wp-content\/uploads\/sites\/11\/2022\/12\/Bild_Text-JF-scaled.jpg\" alt=\"\"><\/p>\n<div>\n<h5>Unsere Jugendfeuerwehr:<\/h5>\n<\/div>\n<div>\n    4 M\u00e4dchen<\/div>\n<div>\n<h5>\u00a0<\/h5>\n<\/div>\n<div>\n    16 Jungs<\/div>\n<div>\n    20 Mitglieder<\/div>\n<h1><strong>Das erwartet Dich: <\/strong><\/h1>\n<ul>\n<li>\n<div>\n<p>\u00dcbungen, z.B. Technische Hilfe und Brandbek\u00e4mpfung<\/p>\n<\/div>\n<\/li>\n<li>\n<div>\n<p>Erste Hilfe<\/p>\n<\/div>\n<\/li>\n<li>\n<div>\n<p>Zeltlager<\/p>\n<\/div>\n<\/li>\n<li>\n<div>\n<p>Feuerwehrtechnik<\/p>\n<\/div>\n<\/li>\n<\/ul>\n<ul>\n<li>\n<div>\n<p>Gro\u00df\u00fcbungen mit anderen Jugendfeuerwehren<\/p>\n<\/div>\n<\/li>\n<li>\n<div>\n<p>Freizeit &amp; Ausfl\u00fcge<\/p>\n<\/div>\n<\/li>\n<li>\n<div>\n<p>Sportliche Aktivit\u00e4ten<\/p>\n<\/div>\n<\/li>\n<li>\n<div>\n<p>Viel Praxis<\/p>\n<\/div>\n<\/li>\n<\/ul>\n<h1>Ausbilder &amp; Kontakt<\/h1>\n<ul>\n<li>\n<p>        <img decoding=\"async\" src=\"\/jf\/wp-content\/uploads\/sites\/11\/2022\/12\/Bild_Jugendwart.png\" alt=\"Frederick Buchhorn\"><\/p>\n<h3>Frederick Buchhorn<\/h3>\n<p>Jugendgruppenleiter<\/p>\n<\/li>\n<li>\n<p>        <img decoding=\"async\" src=\"\/jf\/wp-content\/uploads\/sites\/11\/2023\/01\/Anna-Schneider-2.png\" alt=\"Anna Schneider\"><\/p>\n<h3>Anna Schneider<\/h3>\n<p>Ausbilderin<\/p>\n<\/li>\n<\/ul>\n<div>\n<p>Tel.\u00a0+49 163 9669865<\/p>\n<p>Mail:\u00a0<a href=\"mailto:jf-wiehre@feuerwehr-freiburg.de\">JF-Wiehre@Feuerwehr-Freiburg.de<\/a><\/p>\n<\/div>\n<p><p>\n        <a href=\"https:\/\/feuerwehr-freiburg.de\/abt01\/\">Zur\u00fcck zur Abt. Oberstadt<\/a>\n    <\/p>\n<\/p>\n<p><p>\n        <a href=\"https:\/\/feuerwehr-freiburg.de\/abt07\/\">Zur\u00fcck zur Abt. Wiehre<\/a>\n    <\/p>\n<\/p>\n<p><!--more--><br \/>\n<!-- {\"type\":\"layout\",\"children\":[{\"type\":\"section\",\"props\":{\"id\":\"hero\",\"image_position\":\"center-center\",\"padding\":\"none\",\"style\":\"default\",\"title_breakpoint\":\"xl\",\"title_position\":\"top-left\",\"title_rotation\":\"left\",\"vertical_align\":\"\",\"width\":\"\"},\"children\":[{\"type\":\"row\",\"children\":[{\"type\":\"column\",\"props\":{\"image_position\":\"center-center\",\"position_sticky_breakpoint\":\"m\"},\"children\":[{\"type\":\"slideshow\",\"props\":{\"link_style\":\"default\",\"link_text\":\"Read more\",\"margin\":\"default\",\"meta_align\":\"below-title\",\"meta_element\":\"div\",\"meta_style\":\"text-meta\",\"nav\":\"dotnav\",\"nav_align\":\"center\",\"nav_breakpoint\":\"s\",\"nav_position\":\"bottom-center\",\"nav_position_margin\":\"medium\",\"overlay_animation\":\"fade\",\"overlay_container\":\"default\",\"overlay_position\":\"center-left\",\"show_content\":true,\"show_link\":true,\"show_meta\":true,\"show_thumbnail\":true,\"show_title\":true,\"slidenav\":\"default\",\"slidenav_breakpoint\":\"s\",\"slidenav_large\":true,\"slidenav_margin\":\"medium\",\"slidenav_outside_breakpoint\":\"xl\",\"slideshow_animation\":\"fade\",\"slideshow_autoplay\":true,\"slideshow_autoplay_pause\":true,\"slideshow_height\":\"viewport\",\"slideshow_height_offset_top\":true,\"slideshow_height_viewport\":80,\"slideshow_min_height\":300,\"text_color\":\"light\",\"thumbnav_height\":\"75\",\"thumbnav_svg_color\":\"emphasis\",\"thumbnav_width\":\"100\",\"title_element\":\"h3\",\"title_hover_style\":\"reset\",\"title_style\":\"heading-medium\"},\"children\":[{\"type\":\"slideshow_item\",\"props\":{\"image\":\"wp-content\\\/uploads\\\/sites\\\/11\\\/2022\\\/12\\\/Header_Jugendfeuerwehr-scaled.jpeg\",\"media_overlay\":\"rgba(0, 0, 0, 0.5)\",\"title\":\"<span class=\\\"uk-text-primary\\\">JF Gruppe<\\\/span><br \/> Oberstadt \\\/ Wiehre\"}}]}]}]}],\"name\":\"Titelbereich\"},{\"type\":\"section\",\"props\":{\"image_position\":\"center-center\",\"style\":\"default\",\"title_breakpoint\":\"xl\",\"title_position\":\"top-left\",\"title_rotation\":\"left\",\"vertical_align\":\"\",\"width\":\"default\"},\"children\":[{\"type\":\"row\",\"children\":[{\"type\":\"column\",\"props\":{\"image_position\":\"center-center\",\"position_sticky_breakpoint\":\"m\"},\"children\":[{\"type\":\"headline\",\"props\":{\"content\":\"Hallo an alle Feuerwehrm\\u00e4nner und -frauen von morgen!\",\"title_element\":\"h1\"}}]}]},{\"type\":\"row\",\"props\":{\"layout\":\"1-2,1-2\"},\"children\":[{\"type\":\"column\",\"props\":{\"image_position\":\"center-center\",\"position_sticky_breakpoint\":\"m\",\"width_medium\":\"1-2\"},\"children\":[{\"type\":\"text\",\"props\":{\"column_breakpoint\":\"m\",\"content\":\"\n\n<p>Die Jugendfeuerwehr der Abteilungen 01 Oberstadt und 07 Wiehre umfasst derzeit 20 Mitglieder. Mit sieben Ausbilderinnen und Ausbildern sorgen wir f\\u00fcr eine spannende und abwechslungsreiche Ausbildung. Den Jugendlichen bietet sich jeden Donnerstag von 18.30 Uhr bis 20.30 Uhr (nicht in den Schulferien) die M\\u00f6glichkeit mit Spa\\u00df und Spiel das Feuerwehrhandwerk zu erlernen.<br \\\/><br \\\/>Unsere motivierten Ausbilder*innen versuchen auch durch Aktionen \\u00fcber den normalen \\u00dcbungsbetrieb hinaus (z.B. Ausfl\\u00fcge in Freizeitparks, \\u201eBerufsfeuerwehrtag\\u201c mit Eins\\u00e4tzen und \\u00dcbernachtung im Ger\\u00e4tehaus, Schau\\u00fcbung am Feuerwehrfest und Blaulichttag) die Jugendlichen zu begeistern.<\\\/p>\\n\n\n<p>Interessierte Jugendliche im Alter von 10 bis 18 Jahren sind herzlich eingeladen, nach vorheriger Kontaktaufnahme, uns an einem unserer \\u00dcbungsabend zu besuchen.<\\\/p>\\n\n\n<p><o:p><\\\/o:p><\\\/p>\",\"margin\":\"default\"}},{\"type\":\"button\",\"props\":{\"grid_column_gap\":\"small\",\"grid_row_gap\":\"small\",\"margin\":\"default\"},\"children\":[{\"type\":\"button_item\",\"props\":{\"button_style\":\"primary\",\"content\":\"Neugierig geworden? Dann schreib uns gleich! \",\"dialog_layout\":\"modal\",\"dialog_offcanvas_flip\":true,\"icon_align\":\"left\",\"link\":\"https:\\\/\\\/feuerwehr-freiburg.de\\\/mitmachen-und-unterstuetzen\\\/jugendfeuerwehr\\\/\"}}]}]},{\"type\":\"column\",\"props\":{\"image_position\":\"center-center\",\"position_sticky_breakpoint\":\"m\",\"width_medium\":\"1-2\"},\"children\":[{\"type\":\"image\",\"props\":{\"image\":\"wp-content\\\/uploads\\\/sites\\\/11\\\/2022\\\/12\\\/Bild_Text-JF-scaled.jpg\",\"image_svg_color\":\"emphasis\",\"margin\":\"default\"}}]}]},{\"type\":\"row\",\"props\":{\"layout\":\"1-3,1-3,1-3\"},\"children\":[{\"type\":\"column\",\"props\":{\"image_position\":\"center-center\",\"position_sticky_breakpoint\":\"m\",\"width_medium\":\"1-3\"},\"children\":[{\"type\":\"text\",\"props\":{\"column_breakpoint\":\"m\",\"content\":\"\n\n<h5>Unsere Jugendfeuerwehr:<\\\/h5>\",\"margin\":\"default\"}},{\"type\":\"hd-counter\",\"props\":{\"circle_color\":\"#A91314\",\"circle_radius\":90,\"circle_stroke_width\":9,\"duration\":2000,\"margin\":\"default\",\"number\":4,\"number_color\":\"secondary\",\"number_size\":\"h2\",\"percentage\":62,\"separator_locale\":\"\",\"show_circle\":false,\"text\":\"M\\u00e4dchen\",\"text_align\":\"center\",\"text_color\":\"secondary\",\"text_style\":\"h3\",\"unit\":\"\",\"unit_size\":\"number-size\"}}]},{\"type\":\"column\",\"props\":{\"image_position\":\"center-center\",\"position_sticky_breakpoint\":\"m\",\"width_medium\":\"1-3\"},\"children\":[{\"type\":\"text\",\"props\":{\"column_breakpoint\":\"m\",\"content\":\"\n\n<h5>\\u00a0<\\\/h5>\",\"margin\":\"default\"}},{\"type\":\"hd-counter\",\"props\":{\"circle_color\":\"#A91314\",\"circle_radius\":90,\"circle_stroke_width\":9,\"duration\":2000,\"margin\":\"default\",\"number\":16,\"number_color\":\"secondary\",\"number_size\":\"h2\",\"percentage\":62,\"separator_locale\":\"\",\"show_circle\":false,\"text\":\"Jungs\",\"text_align\":\"center\",\"text_color\":\"secondary\",\"text_style\":\"h3\",\"unit\":\"\",\"unit_size\":\"number-size\"}}]},{\"type\":\"column\",\"props\":{\"image_position\":\"center-center\",\"position_sticky_breakpoint\":\"m\",\"width_medium\":\"1-3\"},\"children\":[{\"type\":\"hd-counter\",\"props\":{\"circle_color\":\"#A91314\",\"circle_radius\":85,\"circle_stroke_width\":9,\"duration\":2000,\"margin\":\"default\",\"number\":20,\"number_color\":\"secondary\",\"number_size\":\"h1\",\"percentage\":100,\"separator_locale\":\"\",\"show_circle\":true,\"text\":\"Mitglieder\",\"text_align\":\"center\",\"text_color\":\"secondary\",\"text_style\":\"h3\",\"unit\":\"\",\"unit_size\":\"number-size\"}}]}]}]},{\"type\":\"section\",\"props\":{\"image_position\":\"center-center\",\"style\":\"primary\",\"title_breakpoint\":\"xl\",\"title_position\":\"top-left\",\"title_rotation\":\"left\",\"vertical_align\":\"\",\"width\":\"default\"},\"children\":[{\"type\":\"row\",\"children\":[{\"type\":\"column\",\"props\":{\"image_position\":\"center-center\",\"position_sticky_breakpoint\":\"m\"},\"children\":[{\"type\":\"headline\",\"props\":{\"content\":\"<strong>Das erwartet Dich: <\\\/strong>\",\"title_element\":\"h1\"}}]}]},{\"type\":\"row\",\"props\":{\"layout\":\"1-2,1-2\"},\"children\":[{\"type\":\"column\",\"props\":{\"image_position\":\"center-center\",\"position_sticky_breakpoint\":\"m\",\"width_medium\":\"1-2\"},\"children\":[{\"type\":\"list\",\"props\":{\"column_breakpoint\":\"m\",\"image_align\":\"left\",\"image_svg_color\":\"emphasis\",\"image_vertical_align\":true,\"list_element\":\"ul\",\"list_horizontal_separator\":\", \",\"list_type\":\"vertical\",\"show_image\":true,\"show_link\":true},\"children\":[{\"type\":\"list_item\",\"props\":{\"content\":\"\n\n<p>\\u00dcbungen, z.B. Technische Hilfe und Brandbek\\u00e4mpfung<\\\/p>\",\"icon\":\"list\"}},{\"type\":\"list_item\",\"props\":{\"content\":\"\n\n<p>Erste Hilfe<\\\/p>\",\"icon\":\"list\"}},{\"type\":\"list_item\",\"props\":{\"content\":\"\n\n<p>Zeltlager<\\\/p>\",\"icon\":\"list\"}},{\"type\":\"list_item\",\"props\":{\"content\":\"\n\n<p>Feuerwehrtechnik<\\\/p>\",\"icon\":\"list\"}}]}]},{\"type\":\"column\",\"props\":{\"image_position\":\"center-center\",\"position_sticky_breakpoint\":\"m\",\"width_medium\":\"1-2\"},\"children\":[{\"type\":\"list\",\"props\":{\"column_breakpoint\":\"m\",\"image_align\":\"left\",\"image_svg_color\":\"emphasis\",\"image_vertical_align\":true,\"list_element\":\"ul\",\"list_horizontal_separator\":\", \",\"list_type\":\"vertical\",\"show_image\":true,\"show_link\":true},\"children\":[{\"type\":\"list_item\",\"props\":{\"content\":\"\n\n<p>Gro\\u00df\\u00fcbungen mit anderen Jugendfeuerwehren<\\\/p>\",\"icon\":\"list\"}},{\"type\":\"list_item\",\"props\":{\"content\":\"\n\n<p>Freizeit &amp; Ausfl\\u00fcge<\\\/p>\",\"icon\":\"list\"}},{\"type\":\"list_item\",\"props\":{\"content\":\"\n\n<p>Sportliche Aktivit\\u00e4ten<\\\/p>\",\"icon\":\"list\"}},{\"type\":\"list_item\",\"props\":{\"content\":\"\n\n<p>Viel Praxis<\\\/p>\",\"icon\":\"list\"}}]}]}]}]},{\"type\":\"section\",\"props\":{\"image_position\":\"center-center\",\"style\":\"default\",\"title_breakpoint\":\"xl\",\"title_position\":\"top-left\",\"title_rotation\":\"left\",\"vertical_align\":\"\",\"width\":\"default\"},\"children\":[{\"type\":\"row\",\"children\":[{\"type\":\"column\",\"props\":{\"image_position\":\"center-center\",\"position_sticky_breakpoint\":\"m\"},\"children\":[{\"type\":\"headline\",\"props\":{\"content\":\"Ausbilder &amp; Kontakt\",\"title_element\":\"h1\"}}]}]},{\"type\":\"row\",\"children\":[{\"type\":\"column\",\"props\":{\"image_position\":\"center-center\",\"position_sticky_breakpoint\":\"m\"},\"children\":[{\"type\":\"grid\",\"props\":{\"content_column_breakpoint\":\"m\",\"filter_align\":\"left\",\"filter_all\":true,\"filter_grid_breakpoint\":\"m\",\"filter_grid_width\":\"auto\",\"filter_position\":\"top\",\"filter_style\":\"tab\",\"grid_default\":\"1\",\"grid_medium\":\"3\",\"icon_width\":80,\"image_align\":\"top\",\"image_grid_breakpoint\":\"m\",\"image_grid_width\":\"1-2\",\"image_svg_color\":\"emphasis\",\"item_animation\":true,\"lightbox_bg_close\":true,\"link_style\":\"default\",\"link_text\":\"Read more\",\"margin\":\"default\",\"meta_align\":\"below-title\",\"meta_element\":\"div\",\"meta_style\":\"text-meta\",\"parallax_easing\":\"1\",\"show_content\":true,\"show_hover_image\":true,\"show_hover_video\":true,\"show_image\":true,\"show_link\":true,\"show_meta\":true,\"show_title\":true,\"show_video\":true,\"title_align\":\"top\",\"title_element\":\"h3\",\"title_grid_breakpoint\":\"m\",\"title_grid_width\":\"1-2\",\"title_hover_style\":\"reset\"},\"children\":[{\"type\":\"grid_item\",\"props\":{\"content\":\"\",\"image\":\"wp-content\\\/uploads\\\/sites\\\/11\\\/2022\\\/12\\\/Bild_Jugendwart.png\",\"image_alt\":\"Frederick Buchhorn\",\"meta\":\"Jugendgruppenleiter\",\"title\":\"Frederick Buchhorn\"}},{\"type\":\"grid_item\",\"props\":{\"content\":\"\",\"image\":\"wp-content\\\/uploads\\\/sites\\\/11\\\/2023\\\/01\\\/Anna-Schneider-2.png\",\"image_alt\":\"Anna Schneider\",\"meta\":\"Ausbilderin\",\"title\":\"Anna Schneider\"}}]}]}]},{\"type\":\"row\",\"props\":{\"layout\":\"1-2,1-2\"},\"children\":[{\"type\":\"column\",\"props\":{\"image_position\":\"center-center\",\"position_sticky_breakpoint\":\"m\",\"width_medium\":\"1-2\"},\"children\":[{\"type\":\"text\",\"props\":{\"column_breakpoint\":\"m\",\"content\":\"\n\n<p>Tel.\\u00a0+49 163 9669865<\\\/p>\\n\n\n<p>Mail:\\u00a0<a href=\\\"mailto:jf-wiehre@feuerwehr-freiburg.de\\\">JF-Wiehre@Feuerwehr-Freiburg.de<\\\/a><\\\/p>\",\"dropcap\":false,\"margin\":\"default\"}}]},{\"type\":\"column\",\"props\":{\"image_position\":\"center-center\",\"position_sticky_breakpoint\":\"m\",\"width_medium\":\"1-2\"}}]}]},{\"type\":\"section\",\"props\":{\"image_position\":\"center-center\",\"style\":\"default\",\"title_breakpoint\":\"xl\",\"title_position\":\"top-left\",\"title_rotation\":\"left\",\"vertical_align\":\"middle\",\"width\":\"default\"},\"children\":[{\"type\":\"row\",\"props\":{\"layout\":\"1-2,1-2\"},\"children\":[{\"type\":\"column\",\"props\":{\"image_position\":\"center-center\",\"position_sticky_breakpoint\":\"m\",\"width_medium\":\"1-2\"},\"children\":[{\"type\":\"button\",\"props\":{\"grid_column_gap\":\"small\",\"grid_row_gap\":\"small\",\"margin\":\"default\"},\"children\":[{\"type\":\"button_item\",\"props\":{\"button_style\":\"primary\",\"content\":\"Zur\\u00fcck zur Abt. Oberstadt\",\"dialog_layout\":\"modal\",\"dialog_offcanvas_flip\":true,\"icon_align\":\"left\",\"link\":\"https:\\\/\\\/feuerwehr-freiburg.de\\\/abt01\\\/\"}}]}]},{\"type\":\"column\",\"props\":{\"image_position\":\"center-center\",\"position_sticky_breakpoint\":\"m\",\"width_medium\":\"1-2\"},\"children\":[{\"type\":\"button\",\"props\":{\"grid_column_gap\":\"small\",\"grid_row_gap\":\"small\",\"margin\":\"default\"},\"children\":[{\"type\":\"button_item\",\"props\":{\"button_style\":\"primary\",\"content\":\"Zur\\u00fcck zur Abt. Wiehre\",\"dialog_layout\":\"modal\",\"dialog_offcanvas_flip\":true,\"icon_align\":\"left\",\"link\":\"https:\\\/\\\/feuerwehr-freiburg.de\\\/abt07\\\/\"}}]}]}]}]}],\"version\":\"4.5.24\"} --><\/p>\n","protected":false},"excerpt":{"rendered":"<p>JF Gruppe Oberstadt \/ Wiehre Hallo an alle Feuerwehrm\u00e4nner und -frauen von morgen! Die Jugendfeuerwehr der Abteilungen 01 Oberstadt und 07 Wiehre umfasst derzeit 20 Mitglieder. Mit sieben Ausbilderinnen und Ausbildern sorgen wir f\u00fcr eine spannende und abwechslungsreiche Ausbildung. Den Jugendlichen bietet sich jeden Donnerstag von 18.30 Uhr bis 20.30 Uhr (nicht in den Schulferien) [&hellip;]<\/p>\n","protected":false},"author":4,"featured_media":0,"parent":372,"menu_order":1,"comment_status":"closed","ping_status":"closed","template":"","meta":{"footnotes":""},"class_list":["post-1050","page","type-page","status-publish","hentry"],"distributor_meta":false,"distributor_terms":false,"distributor_media":false,"distributor_original_site_name":"Jugendfeuerwehr","distributor_original_site_url":"https:\/\/feuerwehr-freiburg.de\/jf","push-errors":false,"_links":{"self":[{"href":"https:\/\/feuerwehr-freiburg.de\/jf\/wp-json\/wp\/v2\/pages\/1050","targetHints":{"allow":["GET"]}}],"collection":[{"href":"https:\/\/feuerwehr-freiburg.de\/jf\/wp-json\/wp\/v2\/pages"}],"about":[{"href":"https:\/\/feuerwehr-freiburg.de\/jf\/wp-json\/wp\/v2\/types\/page"}],"author":[{"embeddable":true,"href":"https:\/\/feuerwehr-freiburg.de\/jf\/wp-json\/wp\/v2\/users\/4"}],"replies":[{"embeddable":true,"href":"https:\/\/feuerwehr-freiburg.de\/jf\/wp-json\/wp\/v2\/comments?post=1050"}],"version-history":[{"count":9,"href":"https:\/\/feuerwehr-freiburg.de\/jf\/wp-json\/wp\/v2\/pages\/1050\/revisions"}],"predecessor-version":[{"id":1276,"href":"https:\/\/feuerwehr-freiburg.de\/jf\/wp-json\/wp\/v2\/pages\/1050\/revisions\/1276"}],"up":[{"embeddable":true,"href":"https:\/\/feuerwehr-freiburg.de\/jf\/wp-json\/wp\/v2\/pages\/372"}],"wp:attachment":[{"href":"https:\/\/feuerwehr-freiburg.de\/jf\/wp-json\/wp\/v2\/media?parent=1050"}],"curies":[{"name":"wp","href":"https:\/\/api.w.org\/{rel}","templated":true}]}}