{"id":2,"date":"2022-04-05T15:12:05","date_gmt":"2022-04-05T13:12:05","guid":{"rendered":"http:\/\/abt.feuerwehr-freiburg.dc\/?page_id=2"},"modified":"2026-02-28T18:17:32","modified_gmt":"2026-02-28T17:17:32","slug":"ehrenabteilung-neu","status":"publish","type":"page","link":"https:\/\/feuerwehr-freiburg.de\/ehre\/","title":{"rendered":"Ehrenabteilung"},"content":{"rendered":"<div>\n<p>    <img decoding=\"async\" src=\"\/ehre\/wp-content\/uploads\/sites\/23\/2026\/02\/Verwaltungsrat-1901.jpg\" alt=\"\"><\/p>\n<h3><span class=\"uk-text-primary\">Ehrenabteilung<\/span><br \/> Auch im Alter noch aktiv!<\/h3>\n<\/div>\n<div>\n<p>Die Ehrenabteilung der Feuerwehr Freiburg (fr\u00fcher Altersabteilung) bilden Kameraden der Berufsfeuerwehr, der Freiwilligen Feuerwehr, der Werkfeuerwehren und dem Musikzug, die die gesetzliche Altersgrenze erreicht haben oder aus gesundheitlichen Gr\u00fcnden nicht mehr am aktiven Feuerwehrdienstteilnehmen k\u00f6nnen.<\/p>\n<p>Sehr viele Feuerwehrangeh\u00f6rige finden bereits in jungen Jahren zur Feuerwehr. Daher k\u00f6nnen sie beim Ausscheiden aus dem aktiven Dienst auf eine lange Dienstzeit zur\u00fcckblicken. Im Laufe dieser langen Zeit ist die Feuerwehr zu einem Bestandteil ihres Lebens geworden, in dem sich enge Freundschaften gebildet haben. Und diese Freundschaften gilt es, auch nach der aktiven Dienstzeit, weiter zu pflegen.<\/p>\n<\/div>\n<h1>Mehr \u00fcber uns!<\/h1>\n<div>\n<p>Geleitet wird die Ehrenabteilung von einem Vorstand. Dieser besteht aus dem Pr\u00e4sidenten, seinem Stellvertreter, zwei Beisitzern, dem Kassenwart und dem Schriftf\u00fchrer. Eine Anzahl Obm\u00e4nner bilden das Verbindungsglied zwischen Vorstand und Mitgliedern der Ehrenabteilung und unterst\u00fctzen den Vorstand bei seiner Arbeit. Der Vorstand und die Obm\u00e4nner werden auf drei Jahre von den Mitgliedern der Ehrenabteilung gew\u00e4hlt.<\/p>\n<p>Pr\u00e4sident der Ehrenabteilung ist Alfred Schmid. Sein Stellvertreter ist Franz Hummel.<\/p>\n<p>In einer Vielzahl von Aktivit\u00e4ten wie Wandern, Nordic-Walking, Radfahren, Minigolf, Singen, Besichtigungen, mehrt\u00e4gige Fahrten und gemeinsamen Festen, wird die langj\u00e4hrige Kameradschaft weiter gepflegt. In diese Aktivit\u00e4ten sind auch die Lebenspartnerinnen und die Witwen der verstorbenen Kameraden einbezogen.<\/p>\n<\/div>\n<p><img decoding=\"async\" src=\"\/ehre\/wp-content\/uploads\/sites\/23\/2022\/11\/EA-scaled.jpg\" alt=\"\"><\/p>\n<h1>Unser Treffpunkt: Das \u201eJ\u00fcrgen-Zimber-St\u00fcble\u201c<\/h1>\n<p><img decoding=\"async\" src=\"\/ehre\/wp-content\/uploads\/sites\/23\/2022\/11\/Stueble-scaled.jpg\" alt=\"Ansicht Ger\u00e4tehaus im Rieselfeld mit den Fahrzeugen\"><\/p>\n<div>\n<p>Die Ehrenabteilung hat kein eigenes Feuerwehrhaus.<\/p>\n<p>Auf dem Gel\u00e4nde der Abteilung Hochdorf, neben der Halle 77, haben die Mitglieder der Ehrenabteilung, mit viel Engagement\u00a0 eine ehemalige Gartenh\u00fctte um- und ausgebaut: Hier ist ein gem\u00fctliches \u201eSt\u00fcble\u201c entstanden, in dem sich bis zu 20 Kameraden zu gem\u00fctlichen Zusammenk\u00fcnften und Besprechungen treffen k\u00f6nnen.<\/p>\n<p style=\"font-weight: 400;\">Am Ausbau war der ehemalige Pr\u00e4sident und jetzige Ehrenpr\u00e4sident, J\u00fcrgen Zimber, ma\u00dfgeblich beteiligt. F\u00fcr unseren Treffpunkt wurde daher der Name \u201eJ\u00fcrgen-Zimber-St\u00fcble\u201c gew\u00e4hlt!<\/p>\n<\/div>\n<div>\n<h3>Historie<\/h3>\n<div>\n<p>Bereits im Jahre 1899 stellte das \u201eCommando der Freiwilligen Feuerwehr Freiburg im Breisgau\u201c beim Stadtrat den Antrag auf Errichtung einer \u201eVeteranenabteilung\u201c, dem noch im gleichen Jahr stattgegeben wurde. Die Ehrenabteilung der Feuerwehr Freiburg war gegr\u00fcndet und ist somit die \u00e4lteste in Baden-W\u00fcrttemberg, die als offizielle Abteilung der Gemeindefeuerwehr anerkannt wurde.<\/p>\n<p>Im Jahr nach der Gr\u00fcndung hatte die Abteilung 11 Mitglieder. Zum 75-j\u00e4hrigen Jubil\u00e4umim Jahr 1974 waren es bereits 98. Heute geh\u00f6ren 190 Kameraden der Ehrenabteilung an. Sie ist somit die gr\u00f6\u00dfte Abteilung der Feuerwehr Freiburg.<\/p>\n<\/div>\n<p><a href=\"\/ehre\/ueberuns\/\">Mehr \u00fcber uns erfahren!<\/a><\/p>\n<\/div>\n<h1>Die F\u00fchrung<\/h1>\n<div>\n<\/div>\n<div>\n<h3>Kontakt zur Ehrenabteilung<\/h3>\n<div>\n<p><strong>Freiwillige Feuerwehr Freiburg<\/strong><br \/>Ehrenabteilung<br \/>Eschholzstr. 118, 79115 Freiburg<br \/>Mail:\u00a0<a href=\"mailto:ehrenabteilung@feuerwehr-freiburg.de\">ehrenabteilung@feuerwehr-freiburg.de<\/a><\/p>\n<\/div>\n<\/div>\n<p><!--more--><br \/>\n<!-- {\"type\":\"layout\",\"children\":[{\"type\":\"section\",\"props\":{\"id\":\"hero\",\"image_position\":\"center-center\",\"padding_bottom\":\"none\",\"padding_top\":\"none\",\"style\":\"default\",\"title_breakpoint\":\"xl\",\"title_position\":\"top-left\",\"title_rotation\":\"left\",\"vertical_align\":\"\",\"width\":\"\"},\"children\":[{\"type\":\"row\",\"children\":[{\"type\":\"column\",\"props\":{\"image_position\":\"center-center\",\"position_sticky_breakpoint\":\"m\"},\"children\":[{\"type\":\"slideshow\",\"props\":{\"height_viewport\":\"viewport\",\"height_viewport_height\":80,\"height_viewport_offset\":true,\"link_style\":\"default\",\"link_text\":\"Read more\",\"margin_bottom\":\"default\",\"margin_top\":\"default\",\"meta_align\":\"below-title\",\"meta_element\":\"div\",\"meta_style\":\"text-meta\",\"nav\":\"dotnav\",\"nav_align\":\"center\",\"nav_breakpoint\":\"s\",\"nav_position\":\"bottom-center\",\"nav_position_margin\":\"medium\",\"overlay_animation\":\"fade\",\"overlay_container\":\"default\",\"overlay_position\":\"center-left\",\"show_content\":true,\"show_link\":true,\"show_meta\":true,\"show_thumbnail\":true,\"show_title\":true,\"slidenav\":\"default\",\"slidenav_breakpoint\":\"s\",\"slidenav_large\":true,\"slidenav_margin\":\"medium\",\"slidenav_outside_breakpoint\":\"xl\",\"slideshow_animation\":\"fade\",\"slideshow_autoplay\":true,\"slideshow_autoplay_pause\":true,\"slideshow_min_height\":300,\"text_color\":\"light\",\"thumbnav_height\":\"75\",\"thumbnav_svg_color\":\"emphasis\",\"thumbnav_width\":\"100\",\"title_element\":\"h3\",\"title_hover_style\":\"reset\",\"title_style\":\"heading-medium\"},\"children\":[{\"type\":\"slideshow_item\",\"props\":{\"content\":\"\",\"image\":\"wp-content\/uploads\/sites\/23\/2026\/02\/Verwaltungsrat-1901.jpg\",\"media_overlay\":\"rgba(0, 0, 0, 0.5)\",\"meta\":\"\",\"title\":\"<span class=\\\"uk-text-primary\\\">Ehrenabteilung<\/span><br \/> Auch im Alter noch aktiv!\"}}]}]}]}],\"name\":\"Titelbereich\"},{\"type\":\"section\",\"props\":{\"image_position\":\"center-center\",\"style\":\"primary\",\"title_breakpoint\":\"xl\",\"title_position\":\"top-left\",\"title_rotation\":\"left\",\"vertical_align\":\"\",\"width\":\"default\"},\"children\":[{\"type\":\"row\",\"props\":{\"column_gap\":\"collapse\",\"row_gap\":\"collapse\"},\"children\":[{\"type\":\"column\",\"props\":{\"image_position\":\"center-center\",\"position_sticky_breakpoint\":\"m\"},\"children\":[{\"type\":\"panel\",\"props\":{\"content_column_breakpoint\":\"m\",\"css\":\".el-element .uk-child-width-expand {\\n\\twidth: 100%   \\n}\\n\",\"image_align\":\"right\",\"image_grid_breakpoint\":\"m\",\"image_grid_width\":\"1-2\",\"image_height\":\"533\",\"image_link\":true,\"image_svg_color\":\"emphasis\",\"image_vertical_align\":true,\"image_width\":\"800\",\"link_margin\":\"medium\",\"link_style\":\"default\",\"link_text\":\"Mehr lesen\",\"margin_bottom\":\"default\",\"margin_top\":\"default\",\"meta_align\":\"above-title\",\"meta_element\":\"div\",\"meta_style\":\"heading-small\",\"panel_image_no_padding\":false,\"panel_style\":\"tile-primary\",\"title_align\":\"top\",\"title_element\":\"h3\",\"title_grid_breakpoint\":\"m\",\"title_grid_width\":\"1-2\",\"title_hover_style\":\"reset\",\"title_link\":true,\"title_margin\":\"medium\",\"title_style\":\"h1\"},\"source\":{\"query\":{\"name\":\"posts.customPost\",\"arguments\":{\"terms\":[5],\"category_operator\":\"IN\",\"post_tag_operator\":\"IN\",\"users\":[],\"users_operator\":\"IN\",\"offset\":0,\"order\":\"date\",\"order_direction\":\"DESC\"}},\"props\":{\"content\":{\"filters\":{\"search\":\"\"},\"arguments\":{\"show_intro_text\":true},\"name\":\"content\"},\"link\":{\"filters\":{\"search\":\"\"},\"name\":\"link\"},\"meta\":{\"filters\":{\"search\":\"\"},\"arguments\":{\"format\":\"list\",\"separator\":\"|\",\"link_style\":\"\",\"show_publish_date\":true,\"show_author\":false,\"show_comments\":false,\"show_taxonomy\":\"\",\"date_format\":\"\"},\"name\":\"metaString\"},\"title\":{\"filters\":{\"search\":\"\"},\"name\":\"title\"},\"image\":{\"filters\":{\"search\":\"\"},\"name\":\"featuredImage.url\"},\"image_alt\":{\"filters\":{\"search\":\"\"},\"name\":\"featuredImage.alt\"}}}}]}]}],\"name\":\"Aktuelles\"},{\"type\":\"section\",\"props\":{\"image_position\":\"center-center\",\"style\":\"secondary\",\"title_breakpoint\":\"xl\",\"title_position\":\"top-left\",\"title_rotation\":\"left\",\"vertical_align\":\"\",\"width\":\"default\"},\"children\":[{\"type\":\"row\",\"children\":[{\"type\":\"column\",\"props\":{\"image_position\":\"center-center\",\"position_sticky_breakpoint\":\"m\"},\"children\":[{\"type\":\"text\",\"props\":{\"column_breakpoint\":\"m\",\"content\":\"\n\n<p>Die Ehrenabteilung der Feuerwehr Freiburg (fr\u00fcher Altersabteilung) bilden Kameraden der Berufsfeuerwehr, der Freiwilligen Feuerwehr, der Werkfeuerwehren und dem Musikzug, die die gesetzliche Altersgrenze erreicht haben oder aus gesundheitlichen Gr\u00fcnden nicht mehr am aktiven Feuerwehrdienstteilnehmen k\u00f6nnen.<\/p>\n\n\\n\n\n<p>Sehr viele Feuerwehrangeh\u00f6rige finden bereits in jungen Jahren zur Feuerwehr. Daher k\u00f6nnen sie beim Ausscheiden aus dem aktiven Dienst auf eine lange Dienstzeit zur\u00fcckblicken. Im Laufe dieser langen Zeit ist die Feuerwehr zu einem Bestandteil ihres Lebens geworden, in dem sich enge Freundschaften gebildet haben. Und diese Freundschaften gilt es, auch nach der aktiven Dienstzeit, weiter zu pflegen.<\/p>\n\n\",\"margin_bottom\":\"default\",\"margin_top\":\"default\",\"text_style\":\"lead\"}}]}]}],\"name\":\"Abteilung\"},{\"type\":\"section\",\"props\":{\"image_position\":\"center-center\",\"status\":\"disabled\",\"style\":\"default\",\"title_breakpoint\":\"xl\",\"title_position\":\"top-left\",\"title_rotation\":\"left\",\"vertical_align\":\"\",\"width\":\"default\"},\"children\":[{\"type\":\"row\",\"children\":[{\"type\":\"column\",\"props\":{\"image_position\":\"center-center\",\"position_sticky_breakpoint\":\"m\"},\"children\":[{\"type\":\"headline\",\"props\":{\"content\":\"Aktuelles\",\"image_align\":\"left\",\"image_margin\":\"xsmall\",\"title_element\":\"h2\",\"title_style\":\"heading-small\"}}]}]},{\"type\":\"row\",\"children\":[{\"type\":\"column\",\"props\":{\"image_position\":\"center-center\",\"position_sticky_breakpoint\":\"m\"},\"children\":[{\"type\":\"grid\",\"props\":{\"content_column_breakpoint\":\"m\",\"filter\":false,\"filter_align\":\"left\",\"filter_all\":true,\"filter_grid_breakpoint\":\"m\",\"filter_grid_width\":\"auto\",\"filter_position\":\"top\",\"filter_style\":\"tab\",\"grid_column_gap\":\"small\",\"grid_default\":\"1\",\"grid_medium\":\"3\",\"grid_row_gap\":\"small\",\"image_align\":\"top\",\"image_grid_breakpoint\":\"m\",\"image_grid_width\":\"1-2\",\"image_height\":\"570\",\"image_link\":true,\"image_svg_color\":\"emphasis\",\"image_transition\":\"scale-up\",\"image_width\":\"1000\",\"item_animation\":true,\"lightbox_bg_close\":true,\"link_style\":\"default\",\"link_text\":\"Mehr lesen\",\"margin_bottom\":\"default\",\"margin_top\":\"default\",\"meta_align\":\"above-title\",\"meta_element\":\"div\",\"meta_style\":\"text-meta\",\"panel_image_no_padding\":true,\"panel_padding\":\"default\",\"panel_style\":\"card-primary\",\"parallax_easing\":\"1\",\"show_content\":true,\"show_hover_image\":true,\"show_hover_video\":true,\"show_image\":true,\"show_link\":true,\"show_meta\":true,\"show_title\":true,\"show_video\":true,\"title_align\":\"top\",\"title_element\":\"h3\",\"title_grid_breakpoint\":\"m\",\"title_grid_width\":\"1-2\",\"title_hover_style\":\"reset\",\"title_link\":true},\"children\":[{\"type\":\"grid_item\",\"source\":{\"query\":{\"name\":\"posts.customPosts\",\"arguments\":{\"terms\":[5],\"category_operator\":\"IN\",\"post_tag_operator\":\"IN\",\"users\":[],\"users_operator\":\"IN\",\"offset\":1,\"limit\":3,\"order\":\"date\",\"order_direction\":\"DESC\"}},\"props\":{\"title\":{\"filters\":{\"search\":\"\"},\"name\":\"title\"},\"meta\":{\"filters\":{\"search\":\"\"},\"arguments\":{\"format\":\"list\",\"separator\":\"|\",\"link_style\":\"\",\"show_publish_date\":true,\"show_author\":false,\"show_comments\":false,\"show_taxonomy\":\"\",\"date_format\":\"\"},\"name\":\"metaString\"},\"content\":{\"filters\":{\"search\":\"\",\"limit\":300},\"arguments\":{\"show_excerpt\":true},\"name\":\"teaser\"},\"image\":{\"filters\":{\"search\":\"\"},\"name\":\"featuredImage.url\"},\"image_alt\":{\"filters\":{\"search\":\"\"},\"name\":\"featuredImage.alt\"},\"tags\":{\"filters\":{\"search\":\"\"},\"arguments\":{\"separator\":\", \",\"show_link\":true,\"link_style\":\"\"},\"name\":\"categoryString\"},\"link\":{\"filters\":{\"search\":\"\"},\"name\":\"link\"}}}}]}]}]},{\"type\":\"row\",\"children\":[{\"type\":\"column\",\"props\":{\"image_position\":\"center-center\",\"position_sticky_breakpoint\":\"m\"},\"children\":[{\"type\":\"button\",\"props\":{\"grid_column_gap\":\"small\",\"grid_row_gap\":\"small\",\"margin_bottom\":\"default\",\"margin_top\":\"default\"},\"children\":[{\"type\":\"button_item\",\"props\":{\"button_style\":\"default\",\"content\":\"Alle Beitr\u00e4ge\",\"dialog_layout\":\"modal\",\"dialog_offcanvas_flip\":true,\"icon_align\":\"left\",\"link\":\"aktuelles\/\"}}]}]}]}],\"name\":\"Aktuelles \u2013 \u00dcbersicht\"},{\"type\":\"section\",\"props\":{\"image_position\":\"center-center\",\"style\":\"default\",\"title_breakpoint\":\"xl\",\"title_position\":\"top-left\",\"title_rotation\":\"left\",\"vertical_align\":\"\",\"width\":\"default\"},\"children\":[{\"type\":\"row\",\"props\":{\"layout\":\"1-2,1-2\"},\"children\":[{\"type\":\"column\",\"props\":{\"image_position\":\"center-center\",\"position_sticky_breakpoint\":\"m\",\"width_medium\":\"1-2\"},\"children\":[{\"type\":\"headline\",\"props\":{\"content\":\"Mehr \u00fcber uns!\",\"image_align\":\"left\",\"image_margin\":\"xsmall\",\"title_element\":\"h1\"}},{\"type\":\"text\",\"props\":{\"column_breakpoint\":\"m\",\"content\":\"\n\n<p>Geleitet wird die Ehrenabteilung von einem Vorstand. Dieser besteht aus dem Pr\u00e4sidenten, seinem Stellvertreter, zwei Beisitzern, dem Kassenwart und dem Schriftf\u00fchrer. Eine Anzahl Obm\u00e4nner bilden das Verbindungsglied zwischen Vorstand und Mitgliedern der Ehrenabteilung und unterst\u00fctzen den Vorstand bei seiner Arbeit. Der Vorstand und die Obm\u00e4nner werden auf drei Jahre von den Mitgliedern der Ehrenabteilung gew\u00e4hlt.<\/p>\n\n\\n\n\n<p>Pr\u00e4sident der Ehrenabteilung ist Alfred Schmid. Sein Stellvertreter ist Franz Hummel.<\/p>\n\n\\n\n\n<p>In einer Vielzahl von Aktivit\u00e4ten wie Wandern, Nordic-Walking, Radfahren, Minigolf, Singen, Besichtigungen, mehrt\u00e4gige Fahrten und gemeinsamen Festen, wird die langj\u00e4hrige Kameradschaft weiter gepflegt. In diese Aktivit\u00e4ten sind auch die Lebenspartnerinnen und die Witwen der verstorbenen Kameraden einbezogen.<\/p>\n\n\",\"margin_bottom\":\"default\",\"margin_top\":\"default\"}}]},{\"type\":\"column\",\"props\":{\"image_position\":\"center-center\",\"position_sticky_breakpoint\":\"m\",\"width_medium\":\"1-2\"},\"children\":[{\"type\":\"image\",\"props\":{\"image\":\"wp-content\/uploads\/sites\/23\/2022\/11\/EA-scaled.jpg\",\"image_svg_color\":\"emphasis\",\"margin_bottom\":\"default\",\"margin_top\":\"default\"}}]}]}]},{\"type\":\"section\",\"props\":{\"image_position\":\"center-center\",\"style\":\"muted\",\"title_breakpoint\":\"xl\",\"title_position\":\"top-left\",\"title_rotation\":\"left\",\"vertical_align\":\"\",\"width\":\"default\"},\"children\":[{\"type\":\"row\",\"children\":[{\"type\":\"column\",\"props\":{\"image_position\":\"center-center\",\"position_sticky_breakpoint\":\"m\"},\"children\":[{\"type\":\"headline\",\"props\":{\"content\":\"Unser Treffpunkt: Das \u201eJ\u00fcrgen-Zimber-St\u00fcble\u201c\",\"image_align\":\"left\",\"image_margin\":\"xsmall\",\"margin_bottom\":\"medium\",\"margin_top\":\"medium\",\"title_element\":\"h1\",\"title_style\":\"h2\"}}]}]},{\"type\":\"row\",\"props\":{\"layout\":\"2-3,1-3\"},\"children\":[{\"type\":\"column\",\"props\":{\"image_position\":\"center-center\",\"position_sticky_breakpoint\":\"m\",\"width_medium\":\"2-3\"},\"children\":[{\"type\":\"image\",\"props\":{\"image\":\"wp-content\/uploads\/sites\/23\/2022\/11\/Stueble-scaled.jpg\",\"image_alt\":\"Ansicht Ger\u00e4tehaus im Rieselfeld mit den Fahrzeugen\",\"image_svg_color\":\"emphasis\",\"margin_bottom\":\"default\",\"margin_top\":\"default\"}}]},{\"type\":\"column\",\"props\":{\"image_position\":\"center-center\",\"position_sticky_breakpoint\":\"m\",\"width_medium\":\"1-3\"},\"children\":[{\"type\":\"text\",\"props\":{\"column_breakpoint\":\"m\",\"content\":\"\n\n<p>Die Ehrenabteilung hat kein eigenes Feuerwehrhaus.\n\nAuf dem Gel\u00e4nde der Abteilung Hochdorf, neben der Halle 77, haben die Mitglieder der Ehrenabteilung, mit viel Engagement\u00a0 eine ehemalige Gartenh\u00fctte um- und ausgebaut: Hier ist ein gem\u00fctliches \u201eSt\u00fcble\u201c entstanden, in dem sich bis zu 20 Kameraden zu gem\u00fctlichen Zusammenk\u00fcnften und Besprechungen treffen k\u00f6nnen.<\/p>\n\n\\n\n\n<p style=\\\"font-weight: 400;\\\">Am Ausbau war der ehemalige Pr\u00e4sident und jetzige Ehrenpr\u00e4sident, J\u00fcrgen Zimber, ma\u00dfgeblich beteiligt. F\u00fcr unseren Treffpunkt wurde daher der Name \u201eJ\u00fcrgen-Zimber-St\u00fcble\u201c gew\u00e4hlt!<\/p>\n\n\",\"margin_bottom\":\"default\",\"margin_top\":\"default\"}}]}]}]},{\"type\":\"section\",\"props\":{\"image_position\":\"center-center\",\"style\":\"primary\",\"title_breakpoint\":\"xl\",\"title_position\":\"top-left\",\"title_rotation\":\"left\",\"vertical_align\":\"\",\"width\":\"default\"},\"children\":[{\"type\":\"row\",\"children\":[{\"type\":\"column\",\"props\":{\"image_position\":\"center-center\",\"position_sticky_breakpoint\":\"m\"},\"children\":[{\"type\":\"accordion\",\"props\":{\"collapsible\":true,\"content_column_breakpoint\":\"m\",\"image_align\":\"top\",\"image_grid_breakpoint\":\"m\",\"image_grid_width\":\"1-2\",\"image_svg_color\":\"emphasis\",\"link_style\":\"default\",\"link_text\":\"Read more\",\"multiple\":true,\"show_image\":true,\"show_link\":false},\"children\":[{\"type\":\"accordion_item\",\"props\":{\"content\":\"\n\n<p>Bereits im Jahre 1899 stellte das \u201eCommando der Freiwilligen Feuerwehr Freiburg im Breisgau\u201c beim Stadtrat den Antrag auf Errichtung einer \u201eVeteranenabteilung\u201c, dem noch im gleichen Jahr stattgegeben wurde. Die Ehrenabteilung der Feuerwehr Freiburg war gegr\u00fcndet und ist somit die \u00e4lteste in Baden-W\u00fcrttemberg, die als offizielle Abteilung der Gemeindefeuerwehr anerkannt wurde.<\/p>\n\n\\n\n\n<p>Im Jahr nach der Gr\u00fcndung hatte die Abteilung 11 Mitglieder. Zum 75-j\u00e4hrigen Jubil\u00e4umim Jahr 1974 waren es bereits 98. Heute geh\u00f6ren 190 Kameraden der Ehrenabteilung an. Sie ist somit die gr\u00f6\u00dfte Abteilung der Feuerwehr Freiburg.<\/p>\n\n\",\"link\":\"ueberuns\/\",\"link_text\":\"Mehr \u00fcber uns erfahren!\",\"title\":\"Historie\"}}]}]}]}]},{\"type\":\"section\",\"props\":{\"image_position\":\"center-center\",\"style\":\"default\",\"title_breakpoint\":\"xl\",\"title_position\":\"top-left\",\"title_rotation\":\"left\",\"vertical_align\":\"\",\"width\":\"default\"},\"children\":[{\"type\":\"row\",\"children\":[{\"type\":\"column\",\"props\":{\"image_position\":\"center-center\",\"position_sticky_breakpoint\":\"m\"},\"children\":[{\"type\":\"headline\",\"props\":{\"content\":\"Die F\u00fchrung\",\"image_align\":\"left\",\"image_margin\":\"xsmall\",\"margin_bottom\":\"medium\",\"margin_top\":\"medium\",\"title_element\":\"h1\",\"title_style\":\"h2\"}},{\"type\":\"grid\",\"props\":{\"content_column_breakpoint\":\"m\",\"content_margin\":\"remove\",\"filter\":false,\"filter_align\":\"left\",\"filter_all\":true,\"filter_grid_breakpoint\":\"m\",\"filter_grid_width\":\"auto\",\"filter_position\":\"top\",\"filter_style\":\"tab\",\"grid_column_align\":false,\"grid_column_gap\":\"small\",\"grid_default\":\"1\",\"grid_divider\":false,\"grid_large\":\"4\",\"grid_medium\":\"3\",\"grid_row_align\":false,\"grid_small\":\"2\",\"image_align\":\"top\",\"image_grid_breakpoint\":\"m\",\"image_grid_width\":\"1-2\",\"image_height\":\"800\",\"image_link\":true,\"image_svg_color\":\"emphasis\",\"image_transition\":\"scale-up\",\"image_width\":\"600\",\"item_animation\":true,\"lightbox\":false,\"lightbox_bg_close\":true,\"lightbox_image_orientation\":true,\"link_style\":\"default\",\"link_text\":\"Mehr lesen\",\"margin_bottom\":\"default\",\"margin_top\":\"default\",\"meta_align\":\"below-title\",\"meta_element\":\"div\",\"meta_style\":\"text-meta\",\"parallax_easing\":\"1\",\"show_content\":true,\"show_hover_image\":true,\"show_hover_video\":true,\"show_image\":true,\"show_link\":true,\"show_meta\":true,\"show_title\":true,\"show_video\":true,\"title_align\":\"top\",\"title_element\":\"h3\",\"title_grid_breakpoint\":\"m\",\"title_grid_width\":\"1-2\",\"title_hover_style\":\"reset\",\"title_link\":true,\"title_style\":\"h5\"},\"children\":[{\"type\":\"grid_item\",\"source\":{\"query\":{\"name\":\"ansprechpartners.customAnsprechpartners\",\"arguments\":{\"users\":[],\"users_operator\":\"IN\",\"offset\":0,\"limit\":10,\"order\":\"menu_order\",\"order_direction\":\"ASC\"}},\"props\":{\"title\":{\"filters\":{\"search\":\"\"},\"name\":\"title\"},\"image\":{\"filters\":{\"search\":\"\"},\"name\":\"featuredImage.url\"},\"image_alt\":{\"filters\":{\"search\":\"\"},\"name\":\"featuredImage.alt\"},\"content\":{\"filters\":{\"search\":\"\"},\"arguments\":{\"show_excerpt\":true},\"name\":\"teaser\"}}}}],\"name\":\"Ansprechpartner:innen\"},{\"type\":\"accordion\",\"props\":{\"collapsible\":true,\"content_column_breakpoint\":\"m\",\"image_align\":\"top\",\"image_grid_breakpoint\":\"m\",\"image_grid_width\":\"1-2\",\"image_svg_color\":\"emphasis\",\"link_style\":\"default\",\"link_text\":\"Read more\",\"show_image\":true,\"show_link\":true},\"children\":[{\"type\":\"accordion_item\",\"props\":{\"content\":\"\n\n<p><strong>Freiwillige Feuerwehr Freiburg<\/strong><br \/>Ehrenabteilung<br \/>Eschholzstr. 118, 79115 Freiburg<br \/>Mail:\u00a0<a href=\\\"mailto:ehrenabteilung@feuerwehr-freiburg.de\\\">ehrenabteilung@feuerwehr-freiburg.de<\/a><\/p>\n\n\",\"title\":\"Kontakt zur Ehrenabteilung\"}}]}]}]}]},{\"type\":\"section\",\"props\":{\"image_position\":\"center-center\",\"style\":\"default\",\"title_breakpoint\":\"xl\",\"title_position\":\"top-left\",\"title_rotation\":\"left\",\"vertical_align\":\"\",\"width\":\"default\"},\"children\":[{\"type\":\"row\",\"children\":[{\"type\":\"column\",\"props\":{\"image_position\":\"center-center\",\"position_sticky_breakpoint\":\"m\"},\"children\":[{\"type\":\"headline\",\"props\":{\"content\":\"Die Fahrzeuge der \\\"Oltimer-Gruppe\\\"\",\"image_align\":\"left\",\"image_margin\":\"xsmall\",\"margin_bottom\":\"small\",\"margin_top\":\"small\",\"status\":\"disabled\",\"title_element\":\"h1\",\"title_style\":\"h2\"}},{\"type\":\"grid\",\"props\":{\"content_column_breakpoint\":\"m\",\"filter\":true,\"filter_align\":\"left\",\"filter_all\":true,\"filter_all_label\":\"Alle\",\"filter_grid_breakpoint\":\"m\",\"filter_grid_width\":\"auto\",\"filter_position\":\"top\",\"filter_style\":\"tab\",\"grid_column_align\":false,\"grid_default\":\"1\",\"grid_divider\":false,\"grid_large\":\"4\",\"grid_medium\":\"3\",\"grid_row_align\":true,\"grid_small\":\"2\",\"image_align\":\"top\",\"image_grid_breakpoint\":\"m\",\"image_grid_width\":\"1-2\",\"image_height\":\"533\",\"image_link\":true,\"image_svg_color\":\"emphasis\",\"image_transition\":\"scale-up\",\"image_width\":\"800\",\"item_animation\":true,\"lightbox\":false,\"lightbox_bg_close\":true,\"link_style\":\"default\",\"link_text\":\"\",\"margin_bottom\":\"default\",\"margin_top\":\"default\",\"meta_align\":\"below-title\",\"meta_element\":\"div\",\"meta_style\":\"text-meta\",\"panel_link\":false,\"parallax_easing\":\"1\",\"show_content\":false,\"show_hover_image\":true,\"show_hover_video\":true,\"show_image\":true,\"show_link\":true,\"show_meta\":false,\"show_title\":true,\"show_video\":true,\"status\":\"disabled\",\"title_align\":\"top\",\"title_element\":\"h3\",\"title_grid_breakpoint\":\"m\",\"title_grid_width\":\"1-2\",\"title_hover_style\":\"reset\",\"title_link\":true,\"title_style\":\"h5\"},\"children\":[{\"type\":\"grid_item\",\"source\":{\"query\":{\"name\":\"fahrzeugs.customFahrzeugs\",\"arguments\":{\"terms\":[],\"category_operator\":\"IN\",\"users\":[],\"users_operator\":\"IN\",\"offset\":0,\"limit\":10,\"order\":\"date\",\"order_direction\":\"DESC\",\"post_tag_operator\":\"IN\"}},\"props\":{\"title\":{\"filters\":{\"search\":\"\",\"before\":\"\"},\"name\":\"title\"},\"content\":{\"filters\":{\"search\":\"\"},\"arguments\":{\"show_excerpt\":true},\"name\":\"teaser\"},\"image\":{\"filters\":{\"search\":\"\"},\"name\":\"featuredImage.url\"},\"image_alt\":{\"filters\":{\"search\":\"\"},\"name\":\"featuredImage.alt\"},\"link\":{\"filters\":{\"search\":\"\"},\"name\":\"link\"},\"meta\":{\"filters\":{\"search\":\"\"},\"arguments\":{\"format\":\"list\",\"separator\":\"|\",\"link_style\":\"\",\"show_publish_date\":true,\"show_author\":true,\"show_comments\":true,\"show_taxonomy\":\"\",\"date_format\":\"\"},\"name\":\"metaString\"}}}}],\"name\":\"Fahrzeuge\"}]}]}],\"name\":\"Fahrzeuge\"}],\"version\":\"5.0.13\"} --><\/p>\n","protected":false},"excerpt":{"rendered":"<p>Ehrenabteilung Auch im Alter noch aktiv! Die Ehrenabteilung der Feuerwehr Freiburg (fr\u00fcher Altersabteilung) bilden Kameraden der Berufsfeuerwehr, der Freiwilligen Feuerwehr, der Werkfeuerwehren und dem Musikzug, die die gesetzliche Altersgrenze erreicht haben oder aus gesundheitlichen Gr\u00fcnden nicht mehr am aktiven Feuerwehrdienstteilnehmen k\u00f6nnen. Sehr viele Feuerwehrangeh\u00f6rige finden bereits in jungen Jahren zur Feuerwehr. Daher k\u00f6nnen sie beim [&hellip;]<\/p>\n","protected":false},"author":2,"featured_media":0,"parent":0,"menu_order":0,"comment_status":"closed","ping_status":"closed","template":"","meta":{"footnotes":""},"class_list":["post-2","page","type-page","status-publish","hentry"],"distributor_meta":false,"distributor_terms":false,"distributor_media":false,"distributor_original_site_name":"Ehrenabteilung","distributor_original_site_url":"https:\/\/feuerwehr-freiburg.de\/ehre","push-errors":false,"_links":{"self":[{"href":"https:\/\/feuerwehr-freiburg.de\/ehre\/wp-json\/wp\/v2\/pages\/2","targetHints":{"allow":["GET"]}}],"collection":[{"href":"https:\/\/feuerwehr-freiburg.de\/ehre\/wp-json\/wp\/v2\/pages"}],"about":[{"href":"https:\/\/feuerwehr-freiburg.de\/ehre\/wp-json\/wp\/v2\/types\/page"}],"author":[{"embeddable":true,"href":"https:\/\/feuerwehr-freiburg.de\/ehre\/wp-json\/wp\/v2\/users\/2"}],"replies":[{"embeddable":true,"href":"https:\/\/feuerwehr-freiburg.de\/ehre\/wp-json\/wp\/v2\/comments?post=2"}],"version-history":[{"count":209,"href":"https:\/\/feuerwehr-freiburg.de\/ehre\/wp-json\/wp\/v2\/pages\/2\/revisions"}],"predecessor-version":[{"id":1696,"href":"https:\/\/feuerwehr-freiburg.de\/ehre\/wp-json\/wp\/v2\/pages\/2\/revisions\/1696"}],"wp:attachment":[{"href":"https:\/\/feuerwehr-freiburg.de\/ehre\/wp-json\/wp\/v2\/media?parent=2"}],"curies":[{"name":"wp","href":"https:\/\/api.w.org\/{rel}","templated":true}]}}