{"id":929,"date":"2022-12-07T13:05:45","date_gmt":"2022-12-07T12:05:45","guid":{"rendered":"https:\/\/feuerwehr-freiburg.dcos.de\/abt13\/?page_id=929"},"modified":"2025-04-09T11:06:21","modified_gmt":"2025-04-09T09:06:21","slug":"13-munzingen","status":"publish","type":"page","link":"https:\/\/feuerwehr-freiburg.de\/abt13\/","title":{"rendered":"13 Munzingen"},"content":{"rendered":"<ul>\n<li>\n<p>        <img decoding=\"async\" src=\"\/abt13\/wp-content\/uploads\/sites\/17\/2024\/11\/IMG_20240513_201321-scaled.jpg\" alt=\"\"><\/p>\n<h1><span class=\"uk-text-primary\">Abteilung 13<\/span><br \/> Munzingen<\/h1>\n<\/li>\n<li>\n<p>        <img decoding=\"async\" src=\"\/abt13\/wp-content\/uploads\/sites\/17\/2024\/11\/Probe_04.11.2024_-15-scaled.jpeg\" alt=\"\"><\/p>\n<\/li>\n<li>\n<p>        <img decoding=\"async\" src=\"\/abt13\/wp-content\/uploads\/sites\/17\/2024\/11\/MG_0024.jpg\" alt=\"\"><\/p>\n<\/li>\n<li>\n<p>        <img decoding=\"async\" src=\"\/abt13\/wp-content\/uploads\/sites\/17\/2024\/11\/IMG-20220222-WA0022.jpg\" alt=\"\"><\/p>\n<\/li>\n<li>\n<p>        <img decoding=\"async\" src=\"\/abt13\/wp-content\/uploads\/sites\/17\/2024\/11\/Probe_04.11.2024_-32-scaled.jpeg\" alt=\"\"><\/p>\n<\/li>\n<\/ul>\n<div>\n\n<\/div>\n<p><p>\n        <a href=\"https:\/\/www.feuerwehr-freiburg.de\/wir-ueber-uns\/unsere-einsaetze\/\">Unsere Eins\u00e4tze<\/a>\n    <\/p>\n<\/p>\n<div>\n<p style=\"font-weight: 400;\">Die Abteilung 13 ist eine von 18 Abteilungen der Freiwilligen Feuerwehr Freiburg: Unter Abteilungskommandant Uli Schildecker stellt die Mannschaft den Brandschutz und die technische Hilfeleistung im Stadtteil Munzingen, sowie auf einem Autobahnabschnitt auf der A5 sicher.<\/p>\n<p style=\"font-weight: 400;\">Zur Bew\u00e4ltigung der feuerwehrtechnischen Aufgaben und \u00dcbungen stehen den mehr als 32 aktiven Mitgliedern der Feuerwehr Munzingen zwei Einsatzfahrzeuge zur Verf\u00fcgung. Bei dem ersten Fahrzeug handelt es sich um ein Hilfeleistungsl\u00f6schgruppenfahrzeug 20, kurz HLF 20. Dieses Fahrzeug wird haupts\u00e4chlich zur Brandbek\u00e4mpfung und technischen Hilfeleistung eingesetzt und tr\u00e4gt den Rufnamen Florian 13\/46. Das zweite Fahrzeug ist ein Tankl\u00f6schfahrzeug 3000 mit dem Rufnamen Florian 13\/23, wobei die 3000 im Namen f\u00fcr einen Wassertank mit einem Fassungsverm\u00f6gen von 3000 Litern steht.<\/p>\n<p style=\"font-weight: 400;\">Im vierw\u00f6chigen Rhythmus treffen wir uns montags um 18:45 Uhr am Ger\u00e4tehaus in Munzingen, um gemeinsam f\u00fcr unser Ehrenamt bei der Freiwilligen Feuerwehr zu trainieren. An einigen Wochenenden finden dar\u00fcber hinaus separate Lehrg\u00e4nge oder Sonder\u00fcbungen statt sowie einmal im Jahr die Belastungs\u00fcbung auf der Atemschutzstrecke in der Feuerwehr\u00fcbungsanlage Eschbach statt.<\/p>\n<p style=\"font-weight: 400;\">Eine weitere Besonderheit ist die Jugendfeuerwehr Munzingen, die jeden Donnerstag, au\u00dfer in den Schulferien, gemeinsam mit der Jugendfeuerwehr Tiengen spannende \u00dcbungen abh\u00e4lt.<\/p>\n<p style=\"font-weight: 400;\">Die Jugendfeuerwehr Tiengen\/ Munzingen \u00fcbt jeden Donnerstag von 18:30 bis ca. 20:30 Uhr.<\/p>\n<\/div>\n<h2>Die F\u00fchrung<\/h2>\n<div>\n<\/div>\n<div>\n<h3>Kontakt zur Abteilung<\/h3>\n<div>\n<p><strong>Freiwillige Feuerwehr Freiburg<\/strong><br \/>Abt. 13 \u2013 Munzingen<br \/>Schlossbuck 4, 79122 Freiburg<br \/>Mail: <a href=\"mailto:munzingen@feuerwehr-freiburg.de\">munzingen@feuerwehr-freiburg.de<\/a><\/p>\n<\/div>\n<\/div>\n<h1>\n<p>Unser Feuerwehrhaus<\/p>\n<\/h1>\n<p><img decoding=\"async\" src=\"\/abt13\/wp-content\/uploads\/sites\/17\/2024\/11\/Unser-Geraetehaus-Abt.-13-Bild-1-scaled.jpg\" alt=\"\"><\/p>\n<div>\n<p style=\"font-weight: 400;\"><em>Das Ger\u00e4tehaus in der Windh\u00e4uslegasse 1 wurde 1998 eingeweiht und bietet Platz f\u00fcr zwei Fahrzeuge.\u00a0<\/em><br \/><em><\/em><\/p>\n<p style=\"font-weight: 400;\"><em>Neben der Fahrzeughalle und der Umkleide mit Einsatzkleidung gibt es im ersten Obergeschoss einen gro\u00dfen Aufenthaltsraum, sanit\u00e4re Anlagen und eine K\u00fcche.\u00a0<\/em><br \/><em><\/em><\/p>\n<p style=\"font-weight: 400;\"><em>Der Aufenthaltsraum wird von der Abteilung Munzingen f\u00fcr Schulungen, Besprechungen und auch f\u00fcr das gesellige Beisammensein genutzt.<\/em><\/p>\n<\/div>\n<h1>Unsere Fahrzeuge<\/h1>\n<div>\n<\/div>\n<p><!--more--><br \/>\n<!-- {\"type\":\"layout\",\"children\":[{\"type\":\"section\",\"props\":{\"id\":\"hero\",\"image_position\":\"center-center\",\"padding\":\"none\",\"style\":\"secondary\",\"title_breakpoint\":\"xl\",\"title_position\":\"top-left\",\"title_rotation\":\"left\",\"vertical_align\":\"\",\"width\":\"\"},\"children\":[{\"type\":\"row\",\"children\":[{\"type\":\"column\",\"props\":{\"image_position\":\"center-center\",\"position_sticky_breakpoint\":\"m\"},\"children\":[{\"type\":\"slideshow\",\"props\":{\"link_style\":\"default\",\"link_text\":\"Read more\",\"margin\":\"default\",\"meta_align\":\"below-title\",\"meta_element\":\"div\",\"meta_style\":\"text-meta\",\"nav\":\"dotnav\",\"nav_align\":\"center\",\"nav_breakpoint\":\"s\",\"nav_position\":\"bottom-center\",\"nav_position_margin\":\"medium\",\"overlay_animation\":\"parallax\",\"overlay_container\":\"default\",\"overlay_position\":\"center-left\",\"show_content\":true,\"show_link\":true,\"show_meta\":true,\"show_thumbnail\":true,\"show_title\":true,\"slidenav\":\"default\",\"slidenav_breakpoint\":\"s\",\"slidenav_margin\":\"medium\",\"slidenav_outside_breakpoint\":\"xl\",\"slideshow_autoplay\":true,\"slideshow_autoplay_pause\":true,\"slideshow_height\":\"viewport\",\"slideshow_height_offset_top\":true,\"slideshow_height_viewport\":80,\"slideshow_min_height\":300,\"text_color\":\"light\",\"thumbnav_height\":\"75\",\"thumbnav_svg_color\":\"emphasis\",\"thumbnav_width\":\"100\",\"title_element\":\"h1\",\"title_hover_style\":\"reset\",\"title_style\":\"heading-medium\"},\"children\":[{\"type\":\"slideshow_item\",\"props\":{\"image\":\"wp-content\\\/uploads\\\/sites\\\/17\\\/2024\\\/11\\\/IMG_20240513_201321-scaled.jpg\",\"media_overlay\":\"rgba(0, 0, 0, 0.5)\",\"title\":\"<span class=\\\"uk-text-primary\\\">Abteilung 13<\\\/span><br \/> Munzingen\"}},{\"type\":\"slideshow_item\",\"props\":{\"image\":\"wp-content\\\/uploads\\\/sites\\\/17\\\/2024\\\/11\\\/Probe_04.11.2024_-15-scaled.jpeg\",\"title\":\"\"}},{\"type\":\"slideshow_item\",\"props\":{\"image\":\"wp-content\\\/uploads\\\/sites\\\/17\\\/2024\\\/11\\\/MG_0024.jpg\",\"title\":\"\"}},{\"type\":\"slideshow_item\",\"props\":{\"image\":\"wp-content\\\/uploads\\\/sites\\\/17\\\/2024\\\/11\\\/IMG-20220222-WA0022.jpg\",\"title\":\"\"}},{\"type\":\"slideshow_item\",\"props\":{\"image\":\"wp-content\\\/uploads\\\/sites\\\/17\\\/2024\\\/11\\\/Probe_04.11.2024_-32-scaled.jpeg\",\"title\":\"\"}}]}]}]}],\"name\":\"Titelbereich\"},{\"type\":\"section\",\"props\":{\"image_position\":\"center-center\",\"padding\":\"xsmall\",\"style\":\"default\",\"title_breakpoint\":\"xl\",\"title_position\":\"top-left\",\"title_rotation\":\"left\",\"vertical_align\":\"\",\"width\":\"default\"},\"children\":[{\"type\":\"row\",\"props\":{\"layout\":\"2-3,1-3\"},\"children\":[{\"type\":\"column\",\"props\":{\"image_position\":\"center-center\",\"position_sticky_breakpoint\":\"m\",\"width_medium\":\"2-3\"},\"children\":[{\"type\":\"text\",\"props\":{\"column_breakpoint\":\"m\",\"content\":\"\n\n<p>[einsatzticker abteilung=\\\"Abt. 13 Munzingen\\\"]<\\\/p>\",\"margin\":\"default\"}}]},{\"type\":\"column\",\"props\":{\"image_position\":\"center-center\",\"position_sticky_breakpoint\":\"m\",\"width_medium\":\"1-3\"},\"children\":[{\"type\":\"button\",\"props\":{\"grid_column_gap\":\"small\",\"grid_row_gap\":\"small\",\"margin\":\"default\"},\"children\":[{\"type\":\"button_item\",\"props\":{\"button_style\":\"primary\",\"content\":\"Unsere Eins\\u00e4tze\",\"dialog_layout\":\"modal\",\"dialog_offcanvas_flip\":true,\"icon_align\":\"left\",\"link\":\"https:\\\/\\\/www.feuerwehr-freiburg.de\\\/wir-ueber-uns\\\/unsere-einsaetze\\\/\"}}]}]}]}],\"name\":\"Einsatzticker\"},{\"type\":\"section\",\"props\":{\"image_position\":\"center-center\",\"style\":\"primary\",\"title_breakpoint\":\"xl\",\"title_position\":\"top-left\",\"title_rotation\":\"left\",\"vertical_align\":\"\",\"width\":\"default\"},\"children\":[{\"type\":\"row\",\"props\":{\"column_gap\":\"collapse\",\"row_gap\":\"collapse\"},\"children\":[{\"type\":\"column\",\"props\":{\"image_position\":\"center-center\",\"position_sticky_breakpoint\":\"m\"},\"children\":[{\"type\":\"panel\",\"props\":{\"content_column_breakpoint\":\"m\",\"css\":\".el-element .uk-child-width-expand {\\n\\twidth: 100%   \\n}\\n\",\"icon_width\":80,\"image_align\":\"right\",\"image_grid_breakpoint\":\"m\",\"image_grid_width\":\"1-2\",\"image_height\":\"533\",\"image_link\":true,\"image_svg_color\":\"emphasis\",\"image_vertical_align\":true,\"image_width\":\"800\",\"link_margin\":\"medium\",\"link_style\":\"default\",\"link_text\":\"Mehr lesen\",\"margin\":\"default\",\"meta_align\":\"above-title\",\"meta_element\":\"div\",\"meta_style\":\"heading-small\",\"panel_image_no_padding\":false,\"panel_style\":\"tile-primary\",\"title_align\":\"top\",\"title_element\":\"h3\",\"title_grid_breakpoint\":\"m\",\"title_grid_width\":\"1-2\",\"title_hover_style\":\"reset\",\"title_link\":true,\"title_margin\":\"medium\",\"title_style\":\"h1\"},\"source\":{\"query\":{\"name\":\"posts.customPost\",\"arguments\":{\"terms\":[5],\"category_operator\":\"IN\",\"post_tag_operator\":\"IN\",\"users\":[],\"users_operator\":\"IN\",\"offset\":0,\"order\":\"date\",\"order_direction\":\"DESC\"}},\"props\":{\"content\":{\"filters\":{\"search\":\"\"},\"arguments\":{\"show_intro_text\":true},\"name\":\"content\"},\"link\":{\"filters\":{\"search\":\"\"},\"name\":\"link\"},\"meta\":{\"filters\":{\"search\":\"\"},\"arguments\":{\"format\":\"list\",\"separator\":\"|\",\"link_style\":\"\",\"show_publish_date\":true,\"show_author\":false,\"show_comments\":false,\"show_taxonomy\":\"\",\"date_format\":\"\"},\"name\":\"metaString\"},\"title\":{\"filters\":{\"search\":\"\"},\"name\":\"title\"},\"image\":{\"filters\":{\"search\":\"\"},\"name\":\"featuredImage.url\"},\"image_alt\":{\"filters\":{\"search\":\"\"},\"name\":\"featuredImage.alt\"}}}}]}]}],\"name\":\"Aktuelles\"},{\"type\":\"section\",\"props\":{\"image_position\":\"center-center\",\"style\":\"secondary\",\"title_breakpoint\":\"xl\",\"title_position\":\"top-left\",\"title_rotation\":\"left\",\"vertical_align\":\"\",\"width\":\"default\"},\"children\":[{\"type\":\"row\",\"children\":[{\"type\":\"column\",\"props\":{\"image_position\":\"center-center\",\"position_sticky_breakpoint\":\"m\"},\"children\":[{\"type\":\"text\",\"props\":{\"column_breakpoint\":\"m\",\"content\":\"\n\n<p style=\\\"font-weight: 400;\\\">Die Abteilung 13 ist eine von 18 Abteilungen der Freiwilligen Feuerwehr Freiburg: Unter Abteilungskommandant Uli Schildecker stellt die Mannschaft den Brandschutz und die technische Hilfeleistung im Stadtteil Munzingen, sowie auf einem Autobahnabschnitt auf der A5 sicher.<\\\/p>\\n\n\n<p style=\\\"font-weight: 400;\\\">Zur Bew\\u00e4ltigung der feuerwehrtechnischen Aufgaben und \\u00dcbungen stehen den mehr als 32 aktiven Mitgliedern der Feuerwehr Munzingen zwei Einsatzfahrzeuge zur Verf\\u00fcgung. Bei dem ersten Fahrzeug handelt es sich um ein Hilfeleistungsl\\u00f6schgruppenfahrzeug 20, kurz HLF 20. Dieses Fahrzeug wird haupts\\u00e4chlich zur Brandbek\\u00e4mpfung und technischen Hilfeleistung eingesetzt und tr\\u00e4gt den Rufnamen Florian 13\\\/46. Das zweite Fahrzeug ist ein Tankl\\u00f6schfahrzeug 3000 mit dem Rufnamen Florian 13\\\/23, wobei die 3000 im Namen f\\u00fcr einen Wassertank mit einem Fassungsverm\\u00f6gen von 3000 Litern steht.<\\\/p>\\n\n\n<p style=\\\"font-weight: 400;\\\">Im vierw\\u00f6chigen Rhythmus treffen wir uns montags um 18:45 Uhr am Ger\\u00e4tehaus in Munzingen, um gemeinsam f\\u00fcr unser Ehrenamt bei der Freiwilligen Feuerwehr zu trainieren. An einigen Wochenenden finden dar\\u00fcber hinaus separate Lehrg\\u00e4nge oder Sonder\\u00fcbungen statt sowie einmal im Jahr die Belastungs\\u00fcbung auf der Atemschutzstrecke in der Feuerwehr\\u00fcbungsanlage Eschbach statt.<\\\/p>\\n\n\n<p style=\\\"font-weight: 400;\\\">Eine weitere Besonderheit ist die Jugendfeuerwehr Munzingen, die jeden Donnerstag, au\\u00dfer in den Schulferien, gemeinsam mit der Jugendfeuerwehr Tiengen spannende \\u00dcbungen abh\\u00e4lt.<\\\/p>\\n\n\n<p style=\\\"font-weight: 400;\\\">Die Jugendfeuerwehr Tiengen\\\/ Munzingen \\u00fcbt jeden Donnerstag von 18:30 bis ca. 20:30 Uhr.<\\\/p>\",\"margin\":\"default\",\"text_style\":\"lead\"}}]}]}],\"name\":\"Abteilung\"},{\"type\":\"section\",\"props\":{\"image_position\":\"center-center\",\"status\":\"disabled\",\"style\":\"default\",\"title_breakpoint\":\"xl\",\"title_position\":\"top-left\",\"title_rotation\":\"left\",\"vertical_align\":\"\",\"width\":\"default\"},\"children\":[{\"type\":\"row\",\"children\":[{\"type\":\"column\",\"props\":{\"image_position\":\"center-center\",\"position_sticky_breakpoint\":\"m\"},\"children\":[{\"type\":\"headline\",\"props\":{\"content\":\"Aktuelles\",\"title_element\":\"h2\",\"title_style\":\"heading-small\"}}]}]},{\"type\":\"row\",\"children\":[{\"type\":\"column\",\"props\":{\"image_position\":\"center-center\",\"position_sticky_breakpoint\":\"m\"},\"children\":[{\"type\":\"grid\",\"props\":{\"content_column_breakpoint\":\"m\",\"filter\":false,\"filter_align\":\"left\",\"filter_all\":true,\"filter_grid_breakpoint\":\"m\",\"filter_grid_width\":\"auto\",\"filter_position\":\"top\",\"filter_style\":\"tab\",\"grid_column_gap\":\"small\",\"grid_default\":\"1\",\"grid_medium\":\"3\",\"grid_row_gap\":\"small\",\"icon_width\":80,\"image_align\":\"top\",\"image_grid_breakpoint\":\"m\",\"image_grid_width\":\"1-2\",\"image_height\":\"570\",\"image_link\":true,\"image_svg_color\":\"emphasis\",\"image_transition\":\"scale-up\",\"image_width\":\"1000\",\"item_animation\":true,\"lightbox_bg_close\":true,\"link_style\":\"default\",\"link_text\":\"Mehr lesen\",\"margin\":\"default\",\"meta_align\":\"above-title\",\"meta_element\":\"div\",\"meta_style\":\"text-meta\",\"panel_image_no_padding\":true,\"panel_padding\":\"default\",\"panel_style\":\"card-primary\",\"parallax_easing\":\"1\",\"show_content\":true,\"show_hover_image\":true,\"show_hover_video\":true,\"show_image\":true,\"show_link\":true,\"show_meta\":true,\"show_title\":true,\"show_video\":true,\"title_align\":\"top\",\"title_element\":\"h3\",\"title_grid_breakpoint\":\"m\",\"title_grid_width\":\"1-2\",\"title_hover_style\":\"reset\",\"title_link\":true},\"children\":[{\"type\":\"grid_item\",\"source\":{\"query\":{\"name\":\"posts.customPosts\",\"arguments\":{\"terms\":[5],\"category_operator\":\"IN\",\"post_tag_operator\":\"IN\",\"users\":[],\"users_operator\":\"IN\",\"offset\":1,\"limit\":3,\"order\":\"date\",\"order_direction\":\"DESC\"}},\"props\":{\"title\":{\"filters\":{\"search\":\"\"},\"name\":\"title\"},\"meta\":{\"filters\":{\"search\":\"\"},\"arguments\":{\"format\":\"list\",\"separator\":\"|\",\"link_style\":\"\",\"show_publish_date\":true,\"show_author\":false,\"show_comments\":false,\"show_taxonomy\":\"\",\"date_format\":\"\"},\"name\":\"metaString\"},\"content\":{\"filters\":{\"search\":\"\",\"limit\":300},\"arguments\":{\"show_excerpt\":true},\"name\":\"teaser\"},\"image\":{\"filters\":{\"search\":\"\"},\"name\":\"featuredImage.url\"},\"image_alt\":{\"filters\":{\"search\":\"\"},\"name\":\"featuredImage.alt\"},\"tags\":{\"filters\":{\"search\":\"\"},\"arguments\":{\"separator\":\", \",\"show_link\":true,\"link_style\":\"\"},\"name\":\"categoryString\"},\"link\":{\"filters\":{\"search\":\"\"},\"name\":\"link\"}}}}]}]}]},{\"type\":\"row\",\"children\":[{\"type\":\"column\",\"props\":{\"image_position\":\"center-center\",\"position_sticky_breakpoint\":\"m\"},\"children\":[{\"type\":\"button\",\"props\":{\"grid_column_gap\":\"small\",\"grid_row_gap\":\"small\",\"margin\":\"default\"},\"children\":[{\"type\":\"button_item\",\"props\":{\"button_style\":\"default\",\"content\":\"Alle Beitr\\u00e4ge\",\"dialog_layout\":\"modal\",\"dialog_offcanvas_flip\":true,\"icon_align\":\"left\",\"link\":\"aktuelles\\\/\"}}]}]}]}],\"name\":\"Aktuelles \\u2013 \\u00dcbersicht\"},{\"type\":\"section\",\"props\":{\"image_position\":\"center-center\",\"style\":\"default\",\"title_breakpoint\":\"xl\",\"title_position\":\"top-left\",\"title_rotation\":\"left\",\"vertical_align\":\"\",\"width\":\"default\"},\"children\":[{\"type\":\"row\",\"children\":[{\"type\":\"column\",\"props\":{\"image_position\":\"center-center\",\"position_sticky_breakpoint\":\"m\"},\"children\":[{\"type\":\"headline\",\"props\":{\"content\":\"Die F\\u00fchrung\",\"margin\":\"medium\",\"title_element\":\"h2\"}},{\"type\":\"grid\",\"props\":{\"content_column_breakpoint\":\"m\",\"content_margin\":\"remove\",\"filter\":false,\"filter_align\":\"left\",\"filter_all\":true,\"filter_grid_breakpoint\":\"m\",\"filter_grid_width\":\"auto\",\"filter_position\":\"top\",\"filter_style\":\"tab\",\"grid_column_align\":false,\"grid_column_gap\":\"small\",\"grid_default\":\"1\",\"grid_divider\":false,\"grid_large\":\"4\",\"grid_medium\":\"3\",\"grid_row_align\":false,\"grid_small\":\"2\",\"icon_width\":80,\"image_align\":\"top\",\"image_grid_breakpoint\":\"m\",\"image_grid_width\":\"1-2\",\"image_height\":\"800\",\"image_link\":true,\"image_svg_color\":\"emphasis\",\"image_transition\":\"scale-up\",\"image_width\":\"600\",\"item_animation\":true,\"lightbox\":false,\"lightbox_bg_close\":true,\"lightbox_image_orientation\":true,\"link_style\":\"default\",\"link_text\":\"Mehr lesen\",\"margin\":\"default\",\"meta_align\":\"below-title\",\"meta_element\":\"div\",\"meta_style\":\"text-meta\",\"parallax_easing\":\"1\",\"show_content\":true,\"show_hover_image\":true,\"show_hover_video\":true,\"show_image\":true,\"show_link\":true,\"show_meta\":true,\"show_title\":true,\"show_video\":true,\"title_align\":\"top\",\"title_element\":\"h3\",\"title_grid_breakpoint\":\"m\",\"title_grid_width\":\"1-2\",\"title_hover_style\":\"reset\",\"title_link\":true,\"title_style\":\"h5\"},\"children\":[{\"type\":\"grid_item\",\"source\":{\"query\":{\"name\":\"ansprechpartners.customAnsprechpartners\",\"arguments\":{\"users\":[],\"users_operator\":\"IN\",\"offset\":0,\"limit\":10,\"order\":\"menu_order\",\"order_direction\":\"ASC\",\"order_alphanum\":false}},\"props\":{\"title\":{\"filters\":{\"search\":\"\"},\"name\":\"title\"},\"image\":{\"filters\":{\"search\":\"\"},\"name\":\"featuredImage.url\"},\"image_alt\":{\"filters\":{\"search\":\"\"},\"name\":\"featuredImage.alt\"},\"content\":{\"filters\":{\"search\":\"\"},\"arguments\":{\"show_excerpt\":true},\"name\":\"teaser\"}}}}],\"name\":\"Ansprechpartner:innen\"},{\"type\":\"accordion\",\"props\":{\"collapsible\":true,\"content_column_breakpoint\":\"m\",\"image_align\":\"top\",\"image_grid_breakpoint\":\"m\",\"image_grid_width\":\"1-2\",\"image_svg_color\":\"emphasis\",\"link_style\":\"default\",\"link_text\":\"Read more\",\"show_image\":true,\"show_link\":true},\"children\":[{\"type\":\"accordion_item\",\"props\":{\"content\":\"\n\n<p><strong>Freiwillige Feuerwehr Freiburg<\\\/strong><br \\\/>Abt. 13 \\u2013 Munzingen<br \\\/>Schlossbuck 4, 79122 Freiburg<br \\\/>Mail: <a href=\\\"mailto:munzingen@feuerwehr-freiburg.de\\\">munzingen@feuerwehr-freiburg.de<\\\/a><\\\/p>\",\"title\":\"Kontakt zur Abteilung\"}}]}]}]}],\"name\":\"Die F\\u00fchrung\"},{\"type\":\"section\",\"props\":{\"image_position\":\"center-center\",\"style\":\"default\",\"title_breakpoint\":\"xl\",\"title_position\":\"top-left\",\"title_rotation\":\"left\",\"vertical_align\":\"middle\",\"width\":\"default\"},\"children\":[{\"type\":\"row\",\"children\":[{\"type\":\"column\",\"props\":{\"image_position\":\"center-center\",\"position_sticky_breakpoint\":\"m\"},\"children\":[{\"type\":\"headline\",\"props\":{\"content\":\"\n\n<p>Unser Feuerwehrhaus<\\\/p>\",\"title_element\":\"h1\",\"title_style\":\"h2\"}}]}]},{\"type\":\"row\",\"props\":{\"layout\":\"1-2,1-2\"},\"children\":[{\"type\":\"column\",\"props\":{\"image_position\":\"center-center\",\"position_sticky_breakpoint\":\"m\",\"width_medium\":\"1-2\"},\"children\":[{\"type\":\"image\",\"props\":{\"image\":\"wp-content\\\/uploads\\\/sites\\\/17\\\/2024\\\/11\\\/Unser-Geraetehaus-Abt.-13-Bild-1-scaled.jpg\",\"image_svg_color\":\"emphasis\",\"margin\":\"default\"}}]},{\"type\":\"column\",\"props\":{\"image_position\":\"center-center\",\"position_sticky_breakpoint\":\"m\",\"width_medium\":\"1-2\"},\"children\":[{\"type\":\"text\",\"props\":{\"column_breakpoint\":\"m\",\"content\":\"\n\n<p style=\\\"font-weight: 400;\\\"><em>Das Ger\\u00e4tehaus in der Windh\\u00e4uslegasse 1 wurde 1998 eingeweiht und bietet Platz f\\u00fcr zwei Fahrzeuge.\\u00a0<\\\/em><br \\\/><em><\\\/em><\\\/p>\\n\n\n<p style=\\\"font-weight: 400;\\\"><em>Neben der Fahrzeughalle und der Umkleide mit Einsatzkleidung gibt es im ersten Obergeschoss einen gro\\u00dfen Aufenthaltsraum, sanit\\u00e4re Anlagen und eine K\\u00fcche.\\u00a0<\\\/em><br \\\/><em><\\\/em><\\\/p>\\n\n\n<p style=\\\"font-weight: 400;\\\"><em>Der Aufenthaltsraum wird von der Abteilung Munzingen f\\u00fcr Schulungen, Besprechungen und auch f\\u00fcr das gesellige Beisammensein genutzt.<\\\/em><\\\/p>\",\"margin\":\"default\"}}]}]}],\"name\":\"Feuerwehrhaus\"},{\"type\":\"section\",\"props\":{\"image_position\":\"center-center\",\"style\":\"default\",\"title_breakpoint\":\"xl\",\"title_position\":\"top-left\",\"title_rotation\":\"left\",\"vertical_align\":\"middle\",\"width\":\"default\"},\"children\":[{\"type\":\"row\",\"children\":[{\"type\":\"column\",\"props\":{\"image_position\":\"center-center\",\"position_sticky_breakpoint\":\"m\"},\"children\":[{\"type\":\"headline\",\"props\":{\"content\":\"Unsere Fahrzeuge\",\"title_element\":\"h1\"}}]}]},{\"type\":\"row\",\"children\":[{\"type\":\"column\",\"props\":{\"image_position\":\"center-center\",\"position_sticky_breakpoint\":\"m\"},\"children\":[{\"type\":\"grid\",\"props\":{\"content_column_breakpoint\":\"m\",\"filter\":true,\"filter_align\":\"left\",\"filter_all\":true,\"filter_all_label\":\"Alle\",\"filter_grid_breakpoint\":\"m\",\"filter_grid_width\":\"auto\",\"filter_position\":\"top\",\"filter_style\":\"tab\",\"grid_column_align\":false,\"grid_default\":\"1\",\"grid_divider\":false,\"grid_large\":\"4\",\"grid_medium\":\"3\",\"grid_row_align\":true,\"grid_small\":\"2\",\"icon_width\":\"70\",\"image_align\":\"top\",\"image_grid_breakpoint\":\"m\",\"image_grid_width\":\"1-2\",\"image_height\":\"533\",\"image_link\":true,\"image_svg_color\":\"emphasis\",\"image_transition\":\"scale-up\",\"image_width\":\"800\",\"item_animation\":true,\"lightbox\":false,\"lightbox_bg_close\":true,\"link_style\":\"default\",\"link_text\":\"\",\"margin\":\"default\",\"meta_align\":\"below-title\",\"meta_element\":\"div\",\"meta_style\":\"text-meta\",\"panel_link\":false,\"parallax_easing\":\"1\",\"show_content\":false,\"show_hover_image\":true,\"show_hover_video\":true,\"show_image\":true,\"show_link\":true,\"show_meta\":false,\"show_title\":true,\"show_video\":true,\"title_align\":\"top\",\"title_element\":\"h3\",\"title_grid_breakpoint\":\"m\",\"title_grid_width\":\"1-2\",\"title_hover_style\":\"reset\",\"title_link\":true,\"title_style\":\"h5\"},\"children\":[{\"type\":\"grid_item\",\"source\":{\"query\":{\"name\":\"fahrzeugs.customFahrzeugs\",\"arguments\":{\"terms\":[],\"category_operator\":\"IN\",\"users\":[],\"users_operator\":\"IN\",\"offset\":0,\"limit\":10,\"order\":\"date\",\"order_direction\":\"DESC\",\"post_tag_operator\":\"IN\"}},\"props\":{\"title\":{\"filters\":{\"search\":\"\",\"before\":\"\"},\"name\":\"title\"},\"content\":{\"filters\":{\"search\":\"\"},\"arguments\":{\"show_excerpt\":true},\"name\":\"teaser\"},\"image\":{\"filters\":{\"search\":\"\"},\"name\":\"featuredImage.url\"},\"image_alt\":{\"filters\":{\"search\":\"\"},\"name\":\"featuredImage.alt\"},\"link\":{\"filters\":{\"search\":\"\"},\"name\":\"link\"},\"tags\":{\"filters\":{\"search\":\"\"},\"arguments\":{\"separator\":\", \",\"show_link\":true,\"link_style\":\"\"},\"name\":\"categoryString\"},\"meta\":{\"filters\":{\"search\":\"\"},\"arguments\":{\"format\":\"list\",\"separator\":\"|\",\"link_style\":\"\",\"show_publish_date\":true,\"show_author\":true,\"show_comments\":true,\"show_taxonomy\":\"\",\"date_format\":\"\"},\"name\":\"metaString\"}}}}],\"name\":\"Fahrzeuge\"}]}]}],\"name\":\"Fahrzeuge\"}],\"version\":\"4.5.13\"} --><\/p>\n","protected":false},"excerpt":{"rendered":"<p>Abteilung 13 Munzingen Unsere Eins\u00e4tze Die Abteilung 13 ist eine von 18 Abteilungen der Freiwilligen Feuerwehr Freiburg: Unter Abteilungskommandant Uli Schildecker stellt die Mannschaft den Brandschutz und die technische Hilfeleistung im Stadtteil Munzingen, sowie auf einem Autobahnabschnitt auf der A5 sicher. Zur Bew\u00e4ltigung der feuerwehrtechnischen Aufgaben und \u00dcbungen stehen den mehr als 32 aktiven Mitgliedern [&hellip;]<\/p>\n","protected":false},"author":1,"featured_media":0,"parent":0,"menu_order":0,"comment_status":"closed","ping_status":"closed","template":"","meta":{"footnotes":""},"class_list":["post-929","page","type-page","status-publish","hentry"],"distributor_meta":false,"distributor_terms":false,"distributor_media":false,"distributor_original_site_name":"13 Munzingen","distributor_original_site_url":"https:\/\/feuerwehr-freiburg.de\/abt13","push-errors":false,"_links":{"self":[{"href":"https:\/\/feuerwehr-freiburg.de\/abt13\/wp-json\/wp\/v2\/pages\/929","targetHints":{"allow":["GET"]}}],"collection":[{"href":"https:\/\/feuerwehr-freiburg.de\/abt13\/wp-json\/wp\/v2\/pages"}],"about":[{"href":"https:\/\/feuerwehr-freiburg.de\/abt13\/wp-json\/wp\/v2\/types\/page"}],"author":[{"embeddable":true,"href":"https:\/\/feuerwehr-freiburg.de\/abt13\/wp-json\/wp\/v2\/users\/1"}],"replies":[{"embeddable":true,"href":"https:\/\/feuerwehr-freiburg.de\/abt13\/wp-json\/wp\/v2\/comments?post=929"}],"version-history":[{"count":22,"href":"https:\/\/feuerwehr-freiburg.de\/abt13\/wp-json\/wp\/v2\/pages\/929\/revisions"}],"predecessor-version":[{"id":1081,"href":"https:\/\/feuerwehr-freiburg.de\/abt13\/wp-json\/wp\/v2\/pages\/929\/revisions\/1081"}],"wp:attachment":[{"href":"https:\/\/feuerwehr-freiburg.de\/abt13\/wp-json\/wp\/v2\/media?parent=929"}],"curies":[{"name":"wp","href":"https:\/\/api.w.org\/{rel}","templated":true}]}}