{"id":372,"date":"2022-07-15T10:32:05","date_gmt":"2022-07-15T08:32:05","guid":{"rendered":"https:\/\/feuerwehr-freiburg.dcos.de\/abt09\/?page_id=372"},"modified":"2023-01-10T14:51:52","modified_gmt":"2023-01-10T13:51:52","slug":"ueberuns","status":"publish","type":"page","link":"https:\/\/feuerwehr-freiburg.de\/abt09\/ueberuns\/","title":{"rendered":"\u00dcber uns"},"content":{"rendered":"<div>\n<p>    <img decoding=\"async\" src=\"\/abt09\/wp-content\/uploads\/sites\/13\/2022\/12\/UeberUns_Titelbild.jpg\" alt=\"Mannschaftsfoto Abt 09 Lehen\"><\/p>\n<h3><span class=\"uk-text-primary\">Lust auf Feuerwehr?<\/span><br \/> Bei uns bist Du richtig!<\/h3>\n<\/div>\n<div>\n<p>Die Abteilung 09 Lehen ist eine von 18 Abteilungen der Freiwilligen Feuerwehr Freiburg. Wir als freiwillige Kr\u00e4fte \u00fcbernehmen die Aufgaben des abwehrenden Brandschutzes und der technischen Hilfeleistung sowie oftmals auch weiteren Sonderaufgaben des Katastrophenschutzes ehrenamtlich, also neben einer anderen hauptberuflichen T\u00e4tigkeit. Die Mannschaft setzt sich dementsprechend aus nahezu allen Berufsgruppen zusammen, was aufgrund des weit gef\u00e4cherten Expertenwissens vorteilhaft bei den zu bew\u00e4ltigenden Eins\u00e4tzen ist.<\/p>\n<p>Zu Eins\u00e4tzen werden wir \u00fcber Funkmeldeempf\u00e4nger alarmiert. Nach dem Einr\u00fccken ins Ger\u00e4tehaus legen wir unsere pers\u00f6nliche Schutzausr\u00fcstung an, bestehend aus Feuerwehrstiefeln, Einsatzhose- und Jacke sowie Feuerwehrhelm und Handschuhen, und fahren ausger\u00fcstet mit unseren Feuerwehrfahrzeugen zum alarmierten Einsatzort. Jeder und jede Angeh\u00f6rige der Freiwilligen Feuerwehr bekommt diese Ausr\u00fcstung von der Stadt gestellt, sie ist f\u00fcr den Angeh\u00f6rigen pers\u00f6nlich und muss nicht mit anderen Kameraden geteilt werden.<\/p>\n<p>Um f\u00fcr die vielf\u00e4ltigen Aufgaben gut ger\u00fcstet zu sein bedarf es neben der technischen Ausstattung auch eine hochwertige Ausbildung. Diese beginnt oft bereits mit ersten Erfahrungen in der Jugendfeuerwehr. F\u00fcr alle Anw\u00e4rter einer Einsatzabteilung der Freiwilligen Feuerwehr, egal ob als ehemaliges JF-Mitglied oder als Quereinsteiger, beginnt das Feuerwehrleben mit der Grundausbildung (Truppmann I), bei der einheitliche Standards f\u00fcr alle Kameraden geschaffen werden, sodass man \u2013 auch ohne sich pers\u00f6nlich zu kennen \u2013 auf feuerwehrtechnischer Ebene zusammenarbeiten kann. In Freiburg erfolgt direkt im Anschluss an die Grundausbildung der Funklehrgang und der Atemschutzger\u00e4tetr\u00e4gerlehrgang. In den folgenden ca. zwei Jahren wird das erlernte Wissen in der Abteilung bei \u00dcbungen vertieft und gefestigt (Truppmann II). Danach folgen weitere technische Lehrg\u00e4nge (Maschinist, Motorkettens\u00e4ge, TH) und F\u00fchrungslehrg\u00e4nge (Truppf\u00fchrer, Gruppenf\u00fchrer).<\/p>\n<p>In unserer Abteilung 09 Lehen \u00fcben wir regelm\u00e4\u00dfig am dritten Donnerstag im Monat um 19:00 Uhr (Abteilungs\u00fcbungen, bitte Terminkalender pr\u00fcfen!). Bei den Abteilungs\u00fcbungen f\u00fchren wir \u00dcbungen an gr\u00f6\u00dferen Objekten durch und behandeln Spezialaufgaben der Feuerwehr. Daneben finden in unregelm\u00e4\u00dfigen Abst\u00e4nden Gruppen\u00fcbungen mit maximal neun Kameraden und Kameradinnen statt, bei denen der Umgang mit dem technischen Ger\u00e4t und die grundlegenden Abl\u00e4ufe der Brandbek\u00e4mpfung vertieft werden.<\/p>\n<p>Voraussetzungen f\u00fcr die Teilnahme am Feuerwehrdienst ist das Alter zwischen 18 und 64 Jahren und ein guter psychischer und physischer Zustand. Die k\u00f6rperliche Tauglichkeit wird bei der Atemschutztauglichkeits- und die Feuerwehrtauglichkeitsuntersuchung festgestellt, die in Freiburg durch mehrere zugelassene \u00c4rzte bescheinigt wird. Mit dem Eintritt in die Feuerwehr finden diese Untersuchungen erstmalig statt und m\u00fcssen in bestimmten Zeitabst\u00e4nden wiederholt werden. Bei der Untersuchung wird unter anderem ein gro\u00dfes Blutbild erstellt, ein Seh- und H\u00f6rtest, ein Lungenfunktionstest und ein Belastungs-EKG durchgef\u00fchrt.<\/p>\n<p>Aber nicht nur der Einsatzdienst, sondern vor allem die Kameradschaftspflege ist ein wichtiger Teil des Feuerwehrlebens, der von allen Kameraden sehr gesch\u00e4tzt wird. Nach den \u00dcbungen bleibt man oft noch zusammen im Feuerwehrhaus, und es finden regelm\u00e4\u00dfig besondere Veranstaltungen wie ein Smoker-Grill-Event, Spanferkel-Grillen, Weihnachtsfeier, der j\u00e4hrliche Kameradschaftsabend im Fr\u00fchjahr weitere Ausfl\u00fcge und Besuche bei unserer Partnerwehr FF Wilten, Innsbruck.<\/p>\n<\/div>\n<div>\n<h3>Willst auch du dich einbringen und Teil dieses angesehenen Ehrenamts werden?<\/h3>\n<p><a href=\"mailto:Lehen@feuerwehr-freiburg.de\">Melde dich bei uns!<\/a><\/p>\n<\/div>\n<div>\n<p>Die Abteilung 09 Lehen ist derzeit gut aufgestellt, dennoch sind neue Interessenten und Interessentinnen immer herzlich bei uns willkommen. Nach einem einf\u00fchrenden Gespr\u00e4ch mit den Abteilungskommandanten wirst du uns einige Abteilungs\u00fcbungen begleiten, um einen Eindruck von den T\u00e4tigkeiten und den Kameraden und Kameradinnen der Abteilung zu bekommen. Wir bekommen unterdessen auch einen Eindruck von dir, ob du zu uns und zum Ehrenamt passt. Nach einer erfolgreichen Aufnahme in die Abteilung folgen die \u00e4rztlichen Untersuchungen und die Einkleidung mit pers\u00f6nlicher Schutzausr\u00fcstung, Tagdienstkleidung und erster Garnitur. Der Grundlehrgang findet in der Regel j\u00e4hrlich im Herbst (September-Oktober) statt, der Funk- und Atemschutzger\u00e4tetr\u00e4gerlehrgang folgen im November.<\/p>\n<\/div>\n<p>\n    <a href=\"\/abt09\/ansprechpartner\/abt-09-abteilungskommandant\/\">Hier findest du unsere Kontaktdaten.<\/a>\n<\/p>\n<ul>\n<li>\n<p>        <img decoding=\"async\" src=\"\/abt09\/wp-content\/uploads\/sites\/13\/2022\/12\/UeberUns_Bild09.jpg\" alt=\"\"><\/p>\n<\/li>\n<li>\n<p>        <img decoding=\"async\" src=\"\/abt09\/wp-content\/uploads\/sites\/13\/2022\/12\/UeberUns_Bild06.jpg\" alt=\"\"><\/p>\n<\/li>\n<li>\n<p>        <img decoding=\"async\" src=\"\/abt09\/wp-content\/uploads\/sites\/13\/2022\/12\/UeberUns_Bild08.jpg\" alt=\"\"><\/p>\n<\/li>\n<li>\n<p>        <img decoding=\"async\" src=\"\/abt09\/wp-content\/uploads\/sites\/13\/2022\/12\/UeberUns_Bild05.jpg\" alt=\"\"><\/p>\n<\/li>\n<li>\n<p>        <img decoding=\"async\" src=\"\/abt09\/wp-content\/uploads\/sites\/13\/2022\/12\/UeberUns_Bild04.jpg\" alt=\"\"><\/p>\n<\/li>\n<li>\n<p>        <img decoding=\"async\" src=\"\/abt09\/wp-content\/uploads\/sites\/13\/2022\/12\/UeberUns_Bild03.jpg\" alt=\"\"><\/p>\n<\/li>\n<li>\n<p>        <img decoding=\"async\" src=\"\/abt09\/wp-content\/uploads\/sites\/13\/2022\/12\/UeberUns_Bild02.jpg\" alt=\"\"><\/p>\n<\/li>\n<li>\n<p>        <img decoding=\"async\" src=\"\/abt09\/wp-content\/uploads\/sites\/13\/2022\/12\/UeberUns_Bild01.jpg\" alt=\"\"><\/p>\n<\/li>\n<li>\n<p>        <img decoding=\"async\" src=\"\/abt09\/wp-content\/uploads\/sites\/13\/2022\/12\/UeberUns_Bild07.jpg\" alt=\"\"><\/p>\n<\/li>\n<\/ul>\n<p><!--more--><br \/>\n<!-- {\"type\":\"layout\",\"children\":[{\"type\":\"section\",\"props\":{\"id\":\"hero\",\"image_position\":\"center-center\",\"padding\":\"none\",\"style\":\"default\",\"title_breakpoint\":\"xl\",\"title_position\":\"top-left\",\"title_rotation\":\"left\",\"vertical_align\":\"middle\",\"width\":\"\"},\"children\":[{\"type\":\"row\",\"children\":[{\"type\":\"column\",\"props\":{\"image_position\":\"center-center\",\"media_overlay_gradient\":\"\",\"position_sticky_breakpoint\":\"m\"},\"children\":[{\"type\":\"slideshow\",\"props\":{\"link_style\":\"default\",\"link_text\":\"Read more\",\"margin\":\"default\",\"meta_align\":\"below-title\",\"meta_element\":\"div\",\"meta_style\":\"text-meta\",\"nav\":\"dotnav\",\"nav_align\":\"center\",\"nav_breakpoint\":\"s\",\"nav_position\":\"bottom-center\",\"nav_position_margin\":\"medium\",\"overlay_animation\":\"fade\",\"overlay_container\":\"default\",\"overlay_position\":\"center-left\",\"show_content\":true,\"show_link\":true,\"show_meta\":true,\"show_thumbnail\":true,\"show_title\":true,\"slidenav\":\"default\",\"slidenav_breakpoint\":\"s\",\"slidenav_large\":true,\"slidenav_margin\":\"medium\",\"slidenav_outside_breakpoint\":\"xl\",\"slideshow_animation\":\"fade\",\"slideshow_autoplay\":true,\"slideshow_autoplay_pause\":true,\"slideshow_height\":\"percent\",\"slideshow_min_height\":300,\"text_color\":\"light\",\"thumbnav_height\":\"75\",\"thumbnav_svg_color\":\"emphasis\",\"thumbnav_width\":\"100\",\"title_element\":\"h3\",\"title_style\":\"heading-medium\"},\"children\":[{\"type\":\"slideshow_item\",\"props\":{\"image\":\"wp-content\\\/uploads\\\/sites\\\/13\\\/2022\\\/12\\\/UeberUns_Titelbild.jpg\",\"image_alt\":\"Mannschaftsfoto Abt 09 Lehen\",\"media_overlay\":\"rgba(0, 0, 0, 0.5)\",\"title\":\"<span class=\\\"uk-text-primary\\\">Lust auf Feuerwehr?<\\\/span><br \/> Bei uns bist Du richtig!\"}}]}]}]}],\"name\":\"Titelbereich\"},{\"type\":\"section\",\"props\":{\"image_position\":\"center-center\",\"style\":\"default\",\"title_breakpoint\":\"xl\",\"title_position\":\"top-left\",\"title_rotation\":\"left\",\"vertical_align\":\"middle\",\"width\":\"default\"},\"children\":[{\"type\":\"row\",\"children\":[{\"type\":\"column\",\"props\":{\"image_position\":\"center-center\",\"media_overlay_gradient\":\"\",\"position_sticky_breakpoint\":\"m\"},\"children\":[{\"type\":\"text\",\"props\":{\"column_breakpoint\":\"m\",\"content\":\"\n\n<p>Die Abteilung 09 Lehen ist eine von 18 Abteilungen der Freiwilligen Feuerwehr Freiburg. Wir als freiwillige Kr\\u00e4fte \\u00fcbernehmen die Aufgaben des abwehrenden Brandschutzes und der technischen Hilfeleistung sowie oftmals auch weiteren Sonderaufgaben des Katastrophenschutzes ehrenamtlich, also neben einer anderen hauptberuflichen T\\u00e4tigkeit. Die Mannschaft setzt sich dementsprechend aus nahezu allen Berufsgruppen zusammen, was aufgrund des weit gef\\u00e4cherten Expertenwissens vorteilhaft bei den zu bew\\u00e4ltigenden Eins\\u00e4tzen ist.<\\\/p>\\n\n\n<p>Zu Eins\\u00e4tzen werden wir \\u00fcber Funkmeldeempf\\u00e4nger alarmiert. Nach dem Einr\\u00fccken ins Ger\\u00e4tehaus legen wir unsere pers\\u00f6nliche Schutzausr\\u00fcstung an, bestehend aus Feuerwehrstiefeln, Einsatzhose- und Jacke sowie Feuerwehrhelm und Handschuhen, und fahren ausger\\u00fcstet mit unseren Feuerwehrfahrzeugen zum alarmierten Einsatzort. Jeder und jede Angeh\\u00f6rige der Freiwilligen Feuerwehr bekommt diese Ausr\\u00fcstung von der Stadt gestellt, sie ist f\\u00fcr den Angeh\\u00f6rigen pers\\u00f6nlich und muss nicht mit anderen Kameraden geteilt werden.<\\\/p>\\n\n\n<p>Um f\\u00fcr die vielf\\u00e4ltigen Aufgaben gut ger\\u00fcstet zu sein bedarf es neben der technischen Ausstattung auch eine hochwertige Ausbildung. Diese beginnt oft bereits mit ersten Erfahrungen in der Jugendfeuerwehr. F\\u00fcr alle Anw\\u00e4rter einer Einsatzabteilung der Freiwilligen Feuerwehr, egal ob als ehemaliges JF-Mitglied oder als Quereinsteiger, beginnt das Feuerwehrleben mit der Grundausbildung (Truppmann I), bei der einheitliche Standards f\\u00fcr alle Kameraden geschaffen werden, sodass man \\u2013 auch ohne sich pers\\u00f6nlich zu kennen \\u2013 auf feuerwehrtechnischer Ebene zusammenarbeiten kann. In Freiburg erfolgt direkt im Anschluss an die Grundausbildung der Funklehrgang und der Atemschutzger\\u00e4tetr\\u00e4gerlehrgang. In den folgenden ca. zwei Jahren wird das erlernte Wissen in der Abteilung bei \\u00dcbungen vertieft und gefestigt (Truppmann II). Danach folgen weitere technische Lehrg\\u00e4nge (Maschinist, Motorkettens\\u00e4ge, TH) und F\\u00fchrungslehrg\\u00e4nge (Truppf\\u00fchrer, Gruppenf\\u00fchrer).<\\\/p>\\n\n\n<p>In unserer Abteilung 09 Lehen \\u00fcben wir regelm\\u00e4\\u00dfig am dritten Donnerstag im Monat um 19:00 Uhr (Abteilungs\\u00fcbungen, bitte Terminkalender pr\\u00fcfen!). Bei den Abteilungs\\u00fcbungen f\\u00fchren wir \\u00dcbungen an gr\\u00f6\\u00dferen Objekten durch und behandeln Spezialaufgaben der Feuerwehr. Daneben finden in unregelm\\u00e4\\u00dfigen Abst\\u00e4nden Gruppen\\u00fcbungen mit maximal neun Kameraden und Kameradinnen statt, bei denen der Umgang mit dem technischen Ger\\u00e4t und die grundlegenden Abl\\u00e4ufe der Brandbek\\u00e4mpfung vertieft werden.<\\\/p>\\n\n\n<p>Voraussetzungen f\\u00fcr die Teilnahme am Feuerwehrdienst ist das Alter zwischen 18 und 64 Jahren und ein guter psychischer und physischer Zustand. Die k\\u00f6rperliche Tauglichkeit wird bei der Atemschutztauglichkeits- und die Feuerwehrtauglichkeitsuntersuchung festgestellt, die in Freiburg durch mehrere zugelassene \\u00c4rzte bescheinigt wird. Mit dem Eintritt in die Feuerwehr finden diese Untersuchungen erstmalig statt und m\\u00fcssen in bestimmten Zeitabst\\u00e4nden wiederholt werden. Bei der Untersuchung wird unter anderem ein gro\\u00dfes Blutbild erstellt, ein Seh- und H\\u00f6rtest, ein Lungenfunktionstest und ein Belastungs-EKG durchgef\\u00fchrt.<\\\/p>\\n\n\n<p>Aber nicht nur der Einsatzdienst, sondern vor allem die Kameradschaftspflege ist ein wichtiger Teil des Feuerwehrlebens, der von allen Kameraden sehr gesch\\u00e4tzt wird. Nach den \\u00dcbungen bleibt man oft noch zusammen im Feuerwehrhaus, und es finden regelm\\u00e4\\u00dfig besondere Veranstaltungen wie ein Smoker-Grill-Event, Spanferkel-Grillen, Weihnachtsfeier, der j\\u00e4hrliche Kameradschaftsabend im Fr\\u00fchjahr weitere Ausfl\\u00fcge und Besuche bei unserer Partnerwehr FF Wilten, Innsbruck.<\\\/p>\",\"margin\":\"default\"}},{\"type\":\"grid\",\"props\":{\"content_column_breakpoint\":\"m\",\"filter_align\":\"left\",\"filter_all\":true,\"filter_grid_breakpoint\":\"m\",\"filter_grid_width\":\"auto\",\"filter_position\":\"top\",\"filter_style\":\"tab\",\"grid_default\":\"1\",\"grid_large\":\"3\",\"grid_medium\":\"3\",\"icon_width\":80,\"image_align\":\"top\",\"image_grid_breakpoint\":\"m\",\"image_grid_width\":\"1-2\",\"image_svg_color\":\"emphasis\",\"item_animation\":true,\"link_style\":\"default\",\"link_text\":\"Read more\",\"margin\":\"default\",\"meta_align\":\"below-title\",\"meta_element\":\"div\",\"meta_style\":\"text-meta\",\"parallax_easing\":\"1\",\"show_content\":true,\"show_image\":true,\"show_link\":true,\"show_meta\":true,\"show_title\":true,\"title_align\":\"top\",\"title_element\":\"h3\",\"title_grid_breakpoint\":\"m\",\"title_grid_width\":\"1-2\",\"title_hover_style\":\"reset\"},\"children\":[{\"type\":\"grid_item\",\"props\":{\"content\":\"\",\"icon\":\"mail\",\"link\":\"mailto:Lehen@feuerwehr-freiburg.de\",\"link_text\":\"Melde dich bei uns!\",\"title\":\"Willst auch du dich einbringen und Teil dieses angesehenen Ehrenamts werden?\"}}]},{\"type\":\"text\",\"props\":{\"column_breakpoint\":\"m\",\"content\":\"\n\n<p>Die Abteilung 09 Lehen ist derzeit gut aufgestellt, dennoch sind neue Interessenten und Interessentinnen immer herzlich bei uns willkommen. Nach einem einf\\u00fchrenden Gespr\\u00e4ch mit den Abteilungskommandanten wirst du uns einige Abteilungs\\u00fcbungen begleiten, um einen Eindruck von den T\\u00e4tigkeiten und den Kameraden und Kameradinnen der Abteilung zu bekommen. Wir bekommen unterdessen auch einen Eindruck von dir, ob du zu uns und zum Ehrenamt passt. Nach einer erfolgreichen Aufnahme in die Abteilung folgen die \\u00e4rztlichen Untersuchungen und die Einkleidung mit pers\\u00f6nlicher Schutzausr\\u00fcstung, Tagdienstkleidung und erster Garnitur. Der Grundlehrgang findet in der Regel j\\u00e4hrlich im Herbst (September-Oktober) statt, der Funk- und Atemschutzger\\u00e4tetr\\u00e4gerlehrgang folgen im November.<\\\/p>\",\"margin\":\"default\"}},{\"type\":\"button\",\"props\":{\"grid_column_gap\":\"small\",\"grid_row_gap\":\"small\",\"margin\":\"default\"},\"children\":[{\"type\":\"button_item\",\"props\":{\"button_style\":\"primary\",\"content\":\"Hier findest du unsere Kontaktdaten.\",\"icon\":\"mail\",\"icon_align\":\"left\",\"link\":\"ansprechpartner\\\/abt-09-abteilungskommandant\\\/\"}}]}]}]}]},{\"type\":\"section\",\"props\":{\"image_position\":\"center-center\",\"style\":\"primary\",\"title_breakpoint\":\"xl\",\"title_position\":\"top-left\",\"title_rotation\":\"left\",\"vertical_align\":\"middle\",\"width\":\"default\"},\"children\":[{\"type\":\"row\",\"children\":[{\"type\":\"column\",\"props\":{\"image_position\":\"center-center\",\"media_overlay_gradient\":\"\",\"position_sticky_breakpoint\":\"m\"},\"children\":[{\"type\":\"gallery\",\"props\":{\"filter_align\":\"left\",\"filter_all\":true,\"filter_grid_breakpoint\":\"m\",\"filter_grid_width\":\"auto\",\"filter_position\":\"top\",\"filter_style\":\"tab\",\"grid_default\":\"1\",\"grid_medium\":\"3\",\"item_animation\":true,\"link_style\":\"default\",\"link_text\":\"Read more\",\"margin\":\"default\",\"meta_align\":\"below-title\",\"meta_element\":\"div\",\"meta_style\":\"text-meta\",\"overlay_hover\":true,\"overlay_mode\":\"cover\",\"overlay_position\":\"center\",\"overlay_style\":\"overlay-primary\",\"overlay_transition\":\"fade\",\"parallax_easing\":\"1\",\"show_content\":true,\"show_hover_image\":true,\"show_link\":true,\"show_meta\":true,\"show_title\":true,\"text_align\":\"center\",\"text_color\":\"light\",\"title_element\":\"h3\",\"title_hover_style\":\"reset\"},\"children\":[{\"type\":\"gallery_item\",\"props\":{\"image\":\"wp-content\\\/uploads\\\/sites\\\/13\\\/2022\\\/12\\\/UeberUns_Bild09.jpg\"}},{\"type\":\"gallery_item\",\"props\":{\"image\":\"wp-content\\\/uploads\\\/sites\\\/13\\\/2022\\\/12\\\/UeberUns_Bild06.jpg\"}},{\"type\":\"gallery_item\",\"props\":{\"image\":\"wp-content\\\/uploads\\\/sites\\\/13\\\/2022\\\/12\\\/UeberUns_Bild08.jpg\"}},{\"type\":\"gallery_item\",\"props\":{\"image\":\"wp-content\\\/uploads\\\/sites\\\/13\\\/2022\\\/12\\\/UeberUns_Bild05.jpg\"}},{\"type\":\"gallery_item\",\"props\":{\"image\":\"wp-content\\\/uploads\\\/sites\\\/13\\\/2022\\\/12\\\/UeberUns_Bild04.jpg\"}},{\"type\":\"gallery_item\",\"props\":{\"image\":\"wp-content\\\/uploads\\\/sites\\\/13\\\/2022\\\/12\\\/UeberUns_Bild03.jpg\"}},{\"type\":\"gallery_item\",\"props\":{\"image\":\"wp-content\\\/uploads\\\/sites\\\/13\\\/2022\\\/12\\\/UeberUns_Bild02.jpg\"}},{\"type\":\"gallery_item\",\"props\":{\"image\":\"wp-content\\\/uploads\\\/sites\\\/13\\\/2022\\\/12\\\/UeberUns_Bild01.jpg\"}},{\"type\":\"gallery_item\",\"props\":{\"image\":\"wp-content\\\/uploads\\\/sites\\\/13\\\/2022\\\/12\\\/UeberUns_Bild07.jpg\"}}]}]}]}]}],\"version\":\"3.0.20\"} --><\/p>\n","protected":false},"excerpt":{"rendered":"<p>Lust auf Feuerwehr? Bei uns bist Du richtig! Die Abteilung 09 Lehen ist eine von 18 Abteilungen der Freiwilligen Feuerwehr Freiburg. Wir als freiwillige Kr\u00e4fte \u00fcbernehmen die Aufgaben des abwehrenden Brandschutzes und der technischen Hilfeleistung sowie oftmals auch weiteren Sonderaufgaben des Katastrophenschutzes ehrenamtlich, also neben einer anderen hauptberuflichen T\u00e4tigkeit. Die Mannschaft setzt sich dementsprechend aus [&hellip;]<\/p>\n","protected":false},"author":8,"featured_media":0,"parent":0,"menu_order":0,"comment_status":"closed","ping_status":"closed","template":"","meta":{"footnotes":""},"class_list":["post-372","page","type-page","status-publish","hentry"],"distributor_meta":false,"distributor_terms":false,"distributor_media":false,"distributor_original_site_name":"09 Lehen","distributor_original_site_url":"https:\/\/feuerwehr-freiburg.de\/abt09","push-errors":false,"_links":{"self":[{"href":"https:\/\/feuerwehr-freiburg.de\/abt09\/wp-json\/wp\/v2\/pages\/372","targetHints":{"allow":["GET"]}}],"collection":[{"href":"https:\/\/feuerwehr-freiburg.de\/abt09\/wp-json\/wp\/v2\/pages"}],"about":[{"href":"https:\/\/feuerwehr-freiburg.de\/abt09\/wp-json\/wp\/v2\/types\/page"}],"author":[{"embeddable":true,"href":"https:\/\/feuerwehr-freiburg.de\/abt09\/wp-json\/wp\/v2\/users\/8"}],"replies":[{"embeddable":true,"href":"https:\/\/feuerwehr-freiburg.de\/abt09\/wp-json\/wp\/v2\/comments?post=372"}],"version-history":[{"count":143,"href":"https:\/\/feuerwehr-freiburg.de\/abt09\/wp-json\/wp\/v2\/pages\/372\/revisions"}],"predecessor-version":[{"id":1102,"href":"https:\/\/feuerwehr-freiburg.de\/abt09\/wp-json\/wp\/v2\/pages\/372\/revisions\/1102"}],"wp:attachment":[{"href":"https:\/\/feuerwehr-freiburg.de\/abt09\/wp-json\/wp\/v2\/media?parent=372"}],"curies":[{"name":"wp","href":"https:\/\/api.w.org\/{rel}","templated":true}]}}