{"id":773,"date":"2023-10-08T10:35:14","date_gmt":"2023-10-08T08:35:14","guid":{"rendered":"https:\/\/feuerwehr-freiburg.de\/abt02\/?page_id=773"},"modified":"2023-10-08T10:38:15","modified_gmt":"2023-10-08T08:38:15","slug":"wasserfoerderung-ueber-lange-wegstrecken","status":"publish","type":"page","link":"https:\/\/feuerwehr-freiburg.de\/abt02\/wasserfoerderung-ueber-lange-wegstrecken\/","title":{"rendered":"Wasserf\u00f6rderung\u00a0\u00fcber lange Wegstrecken"},"content":{"rendered":"\n<p>ede Abteilung der freiwilligen Feuerwehr in Freiburg hat eine Sonderaufgabe. Wir zum Beispiel k\u00fcmmern uns um Wasserf\u00f6rderung \u00fcber lange Wegstrecken. Um genug Wasser f\u00f6rdern zu k\u00f6nnen, bedienen wir den &#8222;Abrollbeh\u00e4lter Wasserf\u00f6rderung&#8220; mit dem &#8218;Holland Fire System&#8216;. Oder auch &#8222;Superpumpe&#8220;, wie die <a href=\"https:\/\/www.badische-zeitung.de\/die-freiburger-feuerwehr-war-im-europa-park-dabei-mit-ihrer-superpumpe--153052857.html\">Badische Zeitung<\/a> das Ger\u00e4t nach dem Brand 2018 im Europapark getauft hat.<\/p>\n\n\n\n<p>Der 13t schwere Abrollbeh\u00e4lter wird auf den Wechselladerfahrzeugen (WLF) transportiert. Er dient zur L\u00f6schwasserf\u00f6rderung oder zum Lenzen bei Hochwasser.<\/p>\n\n\n\n<p>Das WLF f\u00e4hrt zur Wasserentnahmestelle, innerhalb des Abrollbeh\u00e4lters ist in einem separat absetzbaren Modul die Pumpeneinheit, die abgesattelt wird. Das WLF kann direkt nach Absetzen der Pumpeneinheit zur Brandstelle weiterfahren und wie ein Schlauchwagen eine Leitung aus Druckschl\u00e4uchen verlegen. Die Verlegegeschwindigkeit betr\u00e4gt bis zu 50 km\/h.<\/p>\n\n\n\n<p>Nach Einsatzende kann das WLF im Fahrbetrieb mit der hydraulisch angetriebenen Schlauchaufnahmevorrichtung die leeren Schl\u00e4uche aufnehmen. Neben erfahrenen Maschinisten, werden geschulte Feuerwehrleute ben\u00f6tigt.<\/p>\n\n\n\n<figure class=\"wp-block-gallery has-nested-images columns-default is-cropped wp-block-gallery-1 is-layout-flex wp-block-gallery-is-layout-flex\">\n<figure class=\"wp-block-image size-large\"><img loading=\"lazy\" decoding=\"async\" width=\"1024\" height=\"768\" data-id=\"786\" src=\"https:\/\/feuerwehr-freiburg.de\/abt02\/wp-content\/uploads\/sites\/5\/2023\/10\/IMG_2537-1-1024x768.jpg\" alt=\"\" class=\"wp-image-786\" srcset=\"https:\/\/feuerwehr-freiburg.de\/abt02\/wp-content\/uploads\/sites\/5\/2023\/10\/IMG_2537-1-1024x768.jpg 1024w, https:\/\/feuerwehr-freiburg.de\/abt02\/wp-content\/uploads\/sites\/5\/2023\/10\/IMG_2537-1-300x225.jpg 300w, https:\/\/feuerwehr-freiburg.de\/abt02\/wp-content\/uploads\/sites\/5\/2023\/10\/IMG_2537-1-768x576.jpg 768w, https:\/\/feuerwehr-freiburg.de\/abt02\/wp-content\/uploads\/sites\/5\/2023\/10\/IMG_2537-1-1536x1152.jpg 1536w, https:\/\/feuerwehr-freiburg.de\/abt02\/wp-content\/uploads\/sites\/5\/2023\/10\/IMG_2537-1.jpg 2016w\" sizes=\"(max-width: 1024px) 100vw, 1024px\" \/><\/figure>\n\n\n\n<figure class=\"wp-block-image size-large\"><img loading=\"lazy\" decoding=\"async\" width=\"1024\" height=\"768\" data-id=\"781\" src=\"https:\/\/feuerwehr-freiburg.de\/abt02\/wp-content\/uploads\/sites\/5\/2023\/10\/IMG_2554-1-1024x768.jpg\" alt=\"\" class=\"wp-image-781\" srcset=\"https:\/\/feuerwehr-freiburg.de\/abt02\/wp-content\/uploads\/sites\/5\/2023\/10\/IMG_2554-1-1024x768.jpg 1024w, https:\/\/feuerwehr-freiburg.de\/abt02\/wp-content\/uploads\/sites\/5\/2023\/10\/IMG_2554-1-300x225.jpg 300w, https:\/\/feuerwehr-freiburg.de\/abt02\/wp-content\/uploads\/sites\/5\/2023\/10\/IMG_2554-1-768x576.jpg 768w, https:\/\/feuerwehr-freiburg.de\/abt02\/wp-content\/uploads\/sites\/5\/2023\/10\/IMG_2554-1-1536x1152.jpg 1536w, https:\/\/feuerwehr-freiburg.de\/abt02\/wp-content\/uploads\/sites\/5\/2023\/10\/IMG_2554-1.jpg 2016w\" sizes=\"(max-width: 1024px) 100vw, 1024px\" \/><\/figure>\n\n\n\n<figure class=\"wp-block-image size-large\"><img loading=\"lazy\" decoding=\"async\" width=\"1024\" height=\"768\" data-id=\"782\" src=\"https:\/\/feuerwehr-freiburg.de\/abt02\/wp-content\/uploads\/sites\/5\/2023\/10\/IMG_2546-1-1024x768.jpg\" alt=\"\" class=\"wp-image-782\" srcset=\"https:\/\/feuerwehr-freiburg.de\/abt02\/wp-content\/uploads\/sites\/5\/2023\/10\/IMG_2546-1-1024x768.jpg 1024w, https:\/\/feuerwehr-freiburg.de\/abt02\/wp-content\/uploads\/sites\/5\/2023\/10\/IMG_2546-1-300x225.jpg 300w, https:\/\/feuerwehr-freiburg.de\/abt02\/wp-content\/uploads\/sites\/5\/2023\/10\/IMG_2546-1-768x576.jpg 768w, https:\/\/feuerwehr-freiburg.de\/abt02\/wp-content\/uploads\/sites\/5\/2023\/10\/IMG_2546-1-1536x1152.jpg 1536w, https:\/\/feuerwehr-freiburg.de\/abt02\/wp-content\/uploads\/sites\/5\/2023\/10\/IMG_2546-1.jpg 2016w\" sizes=\"(max-width: 1024px) 100vw, 1024px\" \/><\/figure>\n\n\n\n<figure class=\"wp-block-image size-large\"><img loading=\"lazy\" decoding=\"async\" width=\"768\" height=\"1024\" data-id=\"784\" src=\"https:\/\/feuerwehr-freiburg.de\/abt02\/wp-content\/uploads\/sites\/5\/2023\/10\/IMG_2543-1-768x1024.jpg\" alt=\"\" class=\"wp-image-784\" srcset=\"https:\/\/feuerwehr-freiburg.de\/abt02\/wp-content\/uploads\/sites\/5\/2023\/10\/IMG_2543-1-768x1024.jpg 768w, https:\/\/feuerwehr-freiburg.de\/abt02\/wp-content\/uploads\/sites\/5\/2023\/10\/IMG_2543-1-225x300.jpg 225w, https:\/\/feuerwehr-freiburg.de\/abt02\/wp-content\/uploads\/sites\/5\/2023\/10\/IMG_2543-1-1152x1536.jpg 1152w, https:\/\/feuerwehr-freiburg.de\/abt02\/wp-content\/uploads\/sites\/5\/2023\/10\/IMG_2543-1-rotated.jpg 1512w\" sizes=\"(max-width: 768px) 100vw, 768px\" \/><\/figure>\n\n\n\n<figure class=\"wp-block-image size-large\"><img loading=\"lazy\" decoding=\"async\" width=\"1024\" height=\"768\" data-id=\"785\" src=\"https:\/\/feuerwehr-freiburg.de\/abt02\/wp-content\/uploads\/sites\/5\/2023\/10\/IMG_2540-1-1024x768.jpg\" alt=\"\" class=\"wp-image-785\" srcset=\"https:\/\/feuerwehr-freiburg.de\/abt02\/wp-content\/uploads\/sites\/5\/2023\/10\/IMG_2540-1-1024x768.jpg 1024w, https:\/\/feuerwehr-freiburg.de\/abt02\/wp-content\/uploads\/sites\/5\/2023\/10\/IMG_2540-1-300x225.jpg 300w, https:\/\/feuerwehr-freiburg.de\/abt02\/wp-content\/uploads\/sites\/5\/2023\/10\/IMG_2540-1-768x576.jpg 768w, https:\/\/feuerwehr-freiburg.de\/abt02\/wp-content\/uploads\/sites\/5\/2023\/10\/IMG_2540-1-1536x1152.jpg 1536w, https:\/\/feuerwehr-freiburg.de\/abt02\/wp-content\/uploads\/sites\/5\/2023\/10\/IMG_2540-1.jpg 2016w\" sizes=\"(max-width: 1024px) 100vw, 1024px\" \/><\/figure>\n\n\n\n<figure class=\"wp-block-image size-large\"><img loading=\"lazy\" decoding=\"async\" width=\"1024\" height=\"768\" data-id=\"783\" src=\"https:\/\/feuerwehr-freiburg.de\/abt02\/wp-content\/uploads\/sites\/5\/2023\/10\/IMG_2536-1-1024x768.jpg\" alt=\"\" class=\"wp-image-783\" srcset=\"https:\/\/feuerwehr-freiburg.de\/abt02\/wp-content\/uploads\/sites\/5\/2023\/10\/IMG_2536-1-1024x768.jpg 1024w, https:\/\/feuerwehr-freiburg.de\/abt02\/wp-content\/uploads\/sites\/5\/2023\/10\/IMG_2536-1-300x225.jpg 300w, https:\/\/feuerwehr-freiburg.de\/abt02\/wp-content\/uploads\/sites\/5\/2023\/10\/IMG_2536-1-768x576.jpg 768w, https:\/\/feuerwehr-freiburg.de\/abt02\/wp-content\/uploads\/sites\/5\/2023\/10\/IMG_2536-1-1536x1152.jpg 1536w, https:\/\/feuerwehr-freiburg.de\/abt02\/wp-content\/uploads\/sites\/5\/2023\/10\/IMG_2536-1.jpg 2016w\" sizes=\"(max-width: 1024px) 100vw, 1024px\" \/><\/figure>\n\n\n\n<figure class=\"wp-block-image size-large\"><img loading=\"lazy\" decoding=\"async\" width=\"1024\" height=\"683\" data-id=\"787\" src=\"https:\/\/feuerwehr-freiburg.de\/abt02\/wp-content\/uploads\/sites\/5\/2023\/10\/IMG_3047-1024x683.jpg\" alt=\"\" class=\"wp-image-787\" srcset=\"https:\/\/feuerwehr-freiburg.de\/abt02\/wp-content\/uploads\/sites\/5\/2023\/10\/IMG_3047-1024x683.jpg 1024w, https:\/\/feuerwehr-freiburg.de\/abt02\/wp-content\/uploads\/sites\/5\/2023\/10\/IMG_3047-300x200.jpg 300w, https:\/\/feuerwehr-freiburg.de\/abt02\/wp-content\/uploads\/sites\/5\/2023\/10\/IMG_3047-768x512.jpg 768w, https:\/\/feuerwehr-freiburg.de\/abt02\/wp-content\/uploads\/sites\/5\/2023\/10\/IMG_3047-1536x1024.jpg 1536w, https:\/\/feuerwehr-freiburg.de\/abt02\/wp-content\/uploads\/sites\/5\/2023\/10\/IMG_3047-2048x1365.jpg 2048w\" sizes=\"(max-width: 1024px) 100vw, 1024px\" \/><\/figure>\n\n\n\n<figure class=\"wp-block-image size-large\"><img loading=\"lazy\" decoding=\"async\" width=\"1024\" height=\"683\" data-id=\"788\" src=\"https:\/\/feuerwehr-freiburg.de\/abt02\/wp-content\/uploads\/sites\/5\/2023\/10\/IMG_3056-1024x683.jpg\" alt=\"\" class=\"wp-image-788\" srcset=\"https:\/\/feuerwehr-freiburg.de\/abt02\/wp-content\/uploads\/sites\/5\/2023\/10\/IMG_3056-1024x683.jpg 1024w, https:\/\/feuerwehr-freiburg.de\/abt02\/wp-content\/uploads\/sites\/5\/2023\/10\/IMG_3056-300x200.jpg 300w, https:\/\/feuerwehr-freiburg.de\/abt02\/wp-content\/uploads\/sites\/5\/2023\/10\/IMG_3056-768x512.jpg 768w, https:\/\/feuerwehr-freiburg.de\/abt02\/wp-content\/uploads\/sites\/5\/2023\/10\/IMG_3056-1536x1024.jpg 1536w, https:\/\/feuerwehr-freiburg.de\/abt02\/wp-content\/uploads\/sites\/5\/2023\/10\/IMG_3056-2048x1365.jpg 2048w\" sizes=\"(max-width: 1024px) 100vw, 1024px\" \/><\/figure>\n\n\n\n<figure class=\"wp-block-image size-large\"><img loading=\"lazy\" decoding=\"async\" width=\"1024\" height=\"683\" data-id=\"789\" src=\"https:\/\/feuerwehr-freiburg.de\/abt02\/wp-content\/uploads\/sites\/5\/2023\/10\/IMG_3087-1024x683.jpg\" alt=\"\" class=\"wp-image-789\" srcset=\"https:\/\/feuerwehr-freiburg.de\/abt02\/wp-content\/uploads\/sites\/5\/2023\/10\/IMG_3087-1024x683.jpg 1024w, https:\/\/feuerwehr-freiburg.de\/abt02\/wp-content\/uploads\/sites\/5\/2023\/10\/IMG_3087-300x200.jpg 300w, https:\/\/feuerwehr-freiburg.de\/abt02\/wp-content\/uploads\/sites\/5\/2023\/10\/IMG_3087-768x512.jpg 768w, https:\/\/feuerwehr-freiburg.de\/abt02\/wp-content\/uploads\/sites\/5\/2023\/10\/IMG_3087-1536x1024.jpg 1536w, https:\/\/feuerwehr-freiburg.de\/abt02\/wp-content\/uploads\/sites\/5\/2023\/10\/IMG_3087-2048x1365.jpg 2048w\" sizes=\"(max-width: 1024px) 100vw, 1024px\" \/><\/figure>\n<\/figure>\n","protected":false},"excerpt":{"rendered":"<p>ede Abteilung der freiwilligen Feuerwehr in Freiburg hat eine Sonderaufgabe. Wir zum Beispiel k\u00fcmmern uns um Wasserf\u00f6rderung \u00fcber lange Wegstrecken. Um genug Wasser f\u00f6rdern zu k\u00f6nnen, bedienen wir den &#8222;Abrollbeh\u00e4lter Wasserf\u00f6rderung&#8220; mit dem &#8218;Holland Fire System&#8216;. Oder auch &#8222;Superpumpe&#8220;, wie die Badische Zeitung das Ger\u00e4t nach dem Brand 2018 im Europapark getauft hat. Der 13t [&hellip;]<\/p>\n","protected":false},"author":6,"featured_media":781,"parent":0,"menu_order":0,"comment_status":"closed","ping_status":"closed","template":"","meta":{"footnotes":""},"class_list":["post-773","page","type-page","status-publish","has-post-thumbnail","hentry"],"distributor_meta":false,"distributor_terms":false,"distributor_media":false,"distributor_original_site_name":"02 Unterstadt","distributor_original_site_url":"https:\/\/feuerwehr-freiburg.de\/abt02","push-errors":false,"_links":{"self":[{"href":"https:\/\/feuerwehr-freiburg.de\/abt02\/wp-json\/wp\/v2\/pages\/773","targetHints":{"allow":["GET"]}}],"collection":[{"href":"https:\/\/feuerwehr-freiburg.de\/abt02\/wp-json\/wp\/v2\/pages"}],"about":[{"href":"https:\/\/feuerwehr-freiburg.de\/abt02\/wp-json\/wp\/v2\/types\/page"}],"author":[{"embeddable":true,"href":"https:\/\/feuerwehr-freiburg.de\/abt02\/wp-json\/wp\/v2\/users\/6"}],"replies":[{"embeddable":true,"href":"https:\/\/feuerwehr-freiburg.de\/abt02\/wp-json\/wp\/v2\/comments?post=773"}],"version-history":[{"count":1,"href":"https:\/\/feuerwehr-freiburg.de\/abt02\/wp-json\/wp\/v2\/pages\/773\/revisions"}],"predecessor-version":[{"id":790,"href":"https:\/\/feuerwehr-freiburg.de\/abt02\/wp-json\/wp\/v2\/pages\/773\/revisions\/790"}],"wp:featuredmedia":[{"embeddable":true,"href":"https:\/\/feuerwehr-freiburg.de\/abt02\/wp-json\/wp\/v2\/media\/781"}],"wp:attachment":[{"href":"https:\/\/feuerwehr-freiburg.de\/abt02\/wp-json\/wp\/v2\/media?parent=773"}],"curies":[{"name":"wp","href":"https:\/\/api.w.org\/{rel}","templated":true}]}}